{"id":9,"date":"2021-11-04T13:29:43","date_gmt":"2021-11-04T17:29:43","guid":{"rendered":"https:\/\/policestops-yourrights.ccla.org\/?page_id=9"},"modified":"2022-06-29T10:22:57","modified_gmt":"2022-06-29T14:22:57","slug":"home","status":"publish","type":"page","link":"https:\/\/policestops-yourrights.ccla.org\/fr\/","title":{"rendered":"Home"},"content":{"rendered":"<div id=\"home\"  data-column-margin=\"none\" data-midnight=\"dark\"  class=\"wpb_row vc_row-fluid vc_row full-width-section  vc_row-o-equal-height vc_row-flex  vc_row-o-content-middle\"  style=\"padding-top: 0px; padding-bottom: 0px; \"><div class=\"row-bg-wrap\" data-bg-animation=\"none\" data-bg-overlay=\"true\"><div class=\"inner-wrap using-image\"><div class=\"row-bg using-image using-bg-color\"  style=\"background-image: url(https:\/\/policestops-yourrights.ccla.org\/wp-content\/uploads\/2021\/11\/night-time-police-intervention-bw-scaled.jpg); background-position: left top; background-repeat: no-repeat; background-color: #323031; \"><\/div><\/div><div class=\"row-bg-overlay\" style=\"background-color:#323031;  opacity: 0.8; \"><\/div><\/div><div class=\"nectar-shape-divider-wrap\" style=\" height:80px;\"  data-height=\"80\" data-front=\"true\" data-style=\"fan\" data-position=\"bottom\" ><svg class=\"nectar-shape-divider\" aria-hidden=\"true\" fill=\"#ffffff\" xmlns=\"http:\/\/www.w3.org\/2000\/svg\" viewbox=\"0 0 1003.92 91\" preserveaspectratio=\"none\"> <polygon class=\"cls-1\" points=\"502.46 46.31 1 85.67 1 91.89 1002.91 91.89 1002.91 85.78 502.46 46.31\"\/><polygon class=\"cls-2\" points=\"502.46 45.8 1 0 1 91.38 1002.91 91.38 1002.91 0.1 502.46 45.8\"\/><rect class=\"cls-3\" y=\"45.81\" width=\"1003.92\" height=\"46.09\"\/>\r\n            <\/svg><\/div><div class=\"row_col_wrap_12 col span_12 dark left\">\n\t<div style=\" color: #ffffff;z-index: 100; \" class=\"vc_col-sm-6 vc_col-xs-6 wpb_column column_container vc_column_container col centered-text has-animation padding-5-percent padding-3-percent_tablet padding-2-percent_phone\" data-using-bg=\"true\" data-padding-pos=\"all\" data-has-bg-color=\"true\" data-bg-color=\"#db3a34\" data-bg-opacity=\"1\" data-animation=\"fade-in\" data-delay=\"0\" >\n\t\t<div class=\"vc_column-inner\" ><div class=\"column-bg-overlay-wrap\" data-bg-animation=\"none\"><div class=\"column-bg-overlay\" style=\"opacity: 1; background-color: #db3a34;\"><\/div><\/div>\n\t\t\t<div class=\"wpb_wrapper\">\n\t\t\t\t<div class=\"nectar-highlighted-text font_size_11vh\" data-style=\"text_outline\" data-outline-thickness=\"regular\" data-user-color=\"true\" style=\"color: #ffffff;\" data-using-custom-color=\"false\" data-animation-delay=\"false\" data-color=\"\" data-color-gradient=\"\">\n<h1 style=\"line-height: .9em;\">CONNAISSEZ<br \/>\n<em>VOS DROITS<\/em><\/h1>\n<\/div><div class=\"img-with-aniamtion-wrap center margin_top_phone_-20px margin_bottom_phone_25px margin_left_phone_0px\" data-max-width=\"75%\" data-max-width-mobile=\"default\" data-shadow=\"none\" data-animation=\"fade-in\" >\r\n      <div class=\"inner\">\r\n        <div class=\"hover-wrap\"> \r\n          <div class=\"hover-wrap-inner\">\r\n            <a href=\"https:\/\/ccla.org\/\" target=\"_blank\" class=\"center\">\r\n              <img loading=\"lazy\" decoding=\"async\" class=\"img-with-animation skip-lazy\" data-delay=\"0\" height=\"256\" width=\"1198\" data-animation=\"fade-in\" src=\"https:\/\/policestops-yourrights.ccla.org\/wp-content\/uploads\/2021\/11\/CCLA-logo-white.png\" alt=\"\" srcset=\"https:\/\/policestops-yourrights.ccla.org\/wp-content\/uploads\/2021\/11\/CCLA-logo-white.png 1198w, https:\/\/policestops-yourrights.ccla.org\/wp-content\/uploads\/2021\/11\/CCLA-logo-white-300x64.png 300w, https:\/\/policestops-yourrights.ccla.org\/wp-content\/uploads\/2021\/11\/CCLA-logo-white-1024x219.png 1024w, https:\/\/policestops-yourrights.ccla.org\/wp-content\/uploads\/2021\/11\/CCLA-logo-white-768x164.png 768w\" sizes=\"auto, (min-width: 1450px) 75vw, (min-width: 1000px) 85vw, 100vw\" \/>\r\n            <\/a>\r\n          <\/div>\r\n        <\/div>\r\n      <\/div>\r\n      <\/div>\n\t\t\t<\/div> \n\t\t<\/div>\n\t<\/div> \n\n\t<div  class=\"vc_col-sm-6 vc_col-xs-6 wpb_column column_container vc_column_container col padding-3-percent inherit_tablet inherit_phone\"  data-padding-pos=\"all\" data-has-bg-color=\"false\" data-bg-color=\"\" data-bg-opacity=\"1\" data-animation=\"\" data-delay=\"0\" >\n\t\t<div class=\"vc_column-inner\" >\n\t\t\t<div class=\"wpb_wrapper\">\n\t\t\t\t\n\t<div class=\"wpb_raw_code wpb_content_element wpb_raw_html\" >\n\t\t<div class=\"wpb_wrapper\">\n\t\t\t\n\n\n<img loading=\"lazy\" decoding=\"async\" src=\"https:\/\/policestops-yourrights.ccla.org\/wp-content\/uploads\/2022\/05\/CCLA_KYR_white_FR.png\" alt=\"\" width=\"1046\" height=\"411\">\n\n\t\t<\/div>\n\t<\/div>\n\n\t\t\t<\/div> \n\t\t<\/div>\n\t<\/div> \n<\/div><\/div>\r\n\t\t<div id=\"fws_69d4cfe848220\"  data-column-margin=\"default\" data-midnight=\"light\" data-top-percent=\"2%\" data-bottom-percent=\"2%\"  class=\"wpb_row vc_row-fluid vc_row full-width-section   top_padding_phone_4pct bottom_padding_phone_4pct\"  style=\"padding-top: calc(100vw * 0.02); padding-bottom: calc(100vw * 0.02); \"><div class=\"row-bg-wrap\" data-bg-animation=\"none\" data-bg-overlay=\"false\"><div class=\"inner-wrap\"><div class=\"row-bg\"  style=\"\"><\/div><\/div><\/div><div class=\"row_col_wrap_12 col span_12 light left\">\n\t<div  class=\"vc_col-sm-12 wpb_column column_container vc_column_container col no-extra-padding inherit_tablet inherit_phone\"  data-padding-pos=\"all\" data-has-bg-color=\"false\" data-bg-color=\"\" data-bg-opacity=\"1\" data-animation=\"\" data-delay=\"0\" >\n\t\t<div class=\"vc_column-inner\" >\n\t\t\t<div class=\"wpb_wrapper\">\n\t\t\t\t<div id=\"fws_69d4cfe84884e\" data-midnight=\"\" data-column-margin=\"default\" class=\"wpb_row vc_row-fluid vc_row inner_row  vc_row-o-equal-height vc_row-flex vc_row-o-content-middle\"  style=\"\"><div class=\"row-bg-wrap\"> <div class=\"row-bg\" ><\/div> <\/div><div class=\"row_col_wrap_12_inner col span_12  left\">\n\t<div style=\"\" class=\"vc_col-sm-4 wpb_column column_container vc_column_container col child_column has-animation padding-7-percent inherit_tablet inherit_phone\"  data-using-bg=\"true\" data-bg-cover=\"true\" data-padding-pos=\"all\" data-has-bg-color=\"true\" data-bg-color=\"#323031\" data-bg-opacity=\"0.7\" data-hover-bg=\"#db3a34\" data-hover-bg-opacity=\"1\" data-animation=\"flip-in-vertical\" data-delay=\"0\">\n\t\t<div class=\"vc_column-inner\" ><a class=\"column-link\" target=\"_self\" href=\"\/fr\/how-can-this-guide-help-me\/\"><span class=\"screen-reader-text\">Comment ce guide peut-il m\u2019aider?<\/span><\/a><div class=\"column-image-bg-wrap\" data-bg-pos=\"center center\" data-bg-animation=\"none\"><div class=\"inner-wrap\"><div class=\"column-image-bg\" style=\" background-image: url('https:\/\/policestops-yourrights.ccla.org\/wp-content\/uploads\/2021\/12\/girl-with-a-laptop-outdoor-GD8QA3N.jpg'); \"><\/div><\/div><\/div><div class=\"column-bg-overlay-wrap\" data-bg-animation=\"none\"><div class=\"column-bg-overlay\" style=\"opacity: 0.7; background-color: #323031;\"><\/div><\/div>\n\t\t<div class=\"wpb_wrapper\">\n\t\t\t<h2 style=\"font-size: 58px;color: #ffffff;line-height: 60px;text-align: left\" class=\"vc_custom_heading\" >Comment ce guide peut-il m\u2019aider?<\/h2>\n\t\t<\/div> \n\t<\/div>\n\t<\/div> \n\n\t<div style=\" color: #e2e2e2;\" class=\"vc_col-sm-4 wpb_column column_container vc_column_container col child_column has-animation padding-7-percent inherit_tablet inherit_phone\" data-cfc=\"true\" data-using-bg=\"true\" data-padding-pos=\"all\" data-has-bg-color=\"true\" data-bg-color=\"#084c61\" data-bg-opacity=\"1\" data-hover-bg=\"#db3a34\" data-hover-bg-opacity=\"1\" data-animation=\"flip-in-vertical\" data-delay=\"100\">\n\t\t<div class=\"vc_column-inner\" ><a class=\"column-link\" target=\"_self\" href=\"\/fr\/my-rights\/\"><span class=\"screen-reader-text\">Quels sont mes droits?<\/span><\/a><div class=\"column-bg-overlay-wrap\" data-bg-animation=\"none\"><div class=\"column-bg-overlay\" style=\"opacity: 1; background-color: #084c61;\"><\/div><\/div>\n\t\t<div class=\"wpb_wrapper\">\n\t\t\t<h2 style=\"font-size: 58px;color: #ffffff;line-height: 60px;text-align: left\" class=\"vc_custom_heading\" >Quels sont mes droits?<\/h2>\n\t\t<\/div> \n\t<\/div>\n\t<\/div> \n\n\t<div style=\" color: #ffffff;\" class=\"vc_col-sm-4 wpb_column column_container vc_column_container col child_column has-animation padding-7-percent inherit_tablet inherit_phone\" data-cfc=\"true\" data-using-bg=\"true\" data-padding-pos=\"all\" data-has-bg-color=\"true\" data-bg-color=\"#323031\" data-bg-opacity=\"1\" data-hover-bg=\"#db3a34\" data-hover-bg-opacity=\"1\" data-animation=\"flip-in-vertical\" data-delay=\"100\">\n\t\t<div class=\"vc_column-inner\" ><a class=\"column-link\" target=\"_self\" href=\"\/fr\/what-is-racial-profiling\/\"><span class=\"screen-reader-text\">En quoi consiste le profilage racial?<\/span><\/a><div class=\"column-bg-overlay-wrap\" data-bg-animation=\"none\"><div class=\"column-bg-overlay\" style=\"opacity: 1; background-color: #323031;\"><\/div><\/div>\n\t\t<div class=\"wpb_wrapper\">\n\t\t\t<h2 style=\"font-size: 58px;color: #ffffff;line-height: 60px;text-align: left\" class=\"vc_custom_heading\" >En quoi consiste le profilage racial?<\/h2>\n\t\t<\/div> \n\t<\/div>\n\t<\/div> \n<\/div><\/div><div id=\"fws_69d4cfe849b2b\" data-midnight=\"\" data-column-margin=\"default\" class=\"wpb_row vc_row-fluid vc_row inner_row  vc_row-o-equal-height vc_row-flex vc_row-o-content-middle\"  style=\"\"><div class=\"row-bg-wrap\"> <div class=\"row-bg\" ><\/div> <\/div><div class=\"row_col_wrap_12_inner col span_12  left\">\n\t<div style=\"\" class=\"vc_col-sm-6 wpb_column column_container vc_column_container col child_column has-animation padding-7-percent inherit_tablet inherit_phone\"  data-using-bg=\"true\" data-padding-pos=\"all\" data-has-bg-color=\"true\" data-bg-color=\"#db3a34\" data-bg-opacity=\"1\" data-hover-bg=\"#177e89\" data-hover-bg-opacity=\"1\" data-animation=\"flip-in-vertical\" data-delay=\"0\">\n\t\t<div class=\"vc_column-inner\" ><a class=\"column-link\" target=\"_self\" href=\"\/fr\/what-powers-do-the-police-have\/\"><span class=\"screen-reader-text\">Quels sont les pouvoirs de la police?<\/span><\/a><div class=\"column-bg-overlay-wrap\" data-bg-animation=\"none\"><div class=\"column-bg-overlay\" style=\"opacity: 1; background-color: #db3a34;\"><\/div><\/div>\n\t\t<div class=\"wpb_wrapper\">\n\t\t\t<h2 style=\"font-size: 58px;color: #ffffff;line-height: 60px;text-align: left\" class=\"vc_custom_heading\" >Quels sont les pouvoirs de la police?<\/h2>\n\t\t<\/div> \n\t<\/div>\n\t<\/div> \n\n\t<div style=\"\" class=\"vc_col-sm-6 wpb_column column_container vc_column_container col child_column has-animation padding-7-percent inherit_tablet inherit_phone\"  data-using-bg=\"true\" data-bg-cover=\"true\" data-padding-pos=\"all\" data-has-bg-color=\"true\" data-bg-color=\"#323031\" data-bg-opacity=\"0.7\" data-hover-bg=\"#177e89\" data-hover-bg-opacity=\"1\" data-animation=\"flip-in-vertical\" data-delay=\"100\">\n\t\t<div class=\"vc_column-inner\" ><a class=\"column-link\" target=\"_self\" href=\"\/fr\/what-can-i-do-if-my-rights-were-violated\/\"><span class=\"screen-reader-text\">Que puis-je faire si mes droits ont \u00e9t\u00e9 bafou\u00e9s?<\/span><\/a><div class=\"column-image-bg-wrap\" data-bg-pos=\"center center\" data-bg-animation=\"none\"><div class=\"inner-wrap\"><div class=\"column-image-bg\" style=\" background-image: url('https:\/\/policestops-yourrights.ccla.org\/wp-content\/uploads\/2021\/12\/flashy-police-cruiser-emergency-assistance-7BF2M2T.jpg'); \"><\/div><\/div><\/div><div class=\"column-bg-overlay-wrap\" data-bg-animation=\"none\"><div class=\"column-bg-overlay\" style=\"opacity: 0.7; background-color: #323031;\"><\/div><\/div>\n\t\t<div class=\"wpb_wrapper\">\n\t\t\t<h2 style=\"font-size: 58px;color: #ffffff;line-height: 60px;text-align: left\" class=\"vc_custom_heading\" >Que puis-je faire si mes droits ont \u00e9t\u00e9 bafou\u00e9s?<\/h2>\n\t\t<\/div> \n\t<\/div>\n\t<\/div> \n<\/div><\/div><div id=\"fws_69d4cfe84a783\" data-midnight=\"\" data-column-margin=\"default\" class=\"wpb_row vc_row-fluid vc_row inner_row  vc_row-o-equal-height vc_row-flex vc_row-o-content-middle\"  style=\"\"><div class=\"row-bg-wrap\"> <div class=\"row-bg\" ><\/div> <\/div><div class=\"row_col_wrap_12_inner col span_12  left\">\n\t<div style=\"\" class=\"vc_col-sm-12 wpb_column column_container vc_column_container col child_column has-animation padding-7-percent inherit_tablet inherit_phone\"  data-using-bg=\"true\" data-padding-pos=\"all\" data-has-bg-color=\"true\" data-bg-color=\"#084c61\" data-bg-opacity=\"1\" data-hover-bg=\"#db3a34\" data-hover-bg-opacity=\"1\" data-animation=\"flip-in-vertical\" data-delay=\"0\">\n\t\t<div class=\"vc_column-inner\" ><a class=\"column-link\" target=\"_self\" href=\"\/fr\/who-do-i-contact-with-my-complaint-or-concern\/\"><span class=\"screen-reader-text\">Who do I contact?<\/span><\/a><div class=\"column-bg-overlay-wrap\" data-bg-animation=\"none\"><div class=\"column-bg-overlay\" style=\"opacity: 1; background-color: #084c61;\"><\/div><\/div>\n\t\t<div class=\"wpb_wrapper\">\n\t\t\t<h2 style=\"font-size: 58px;color: #ffffff;line-height: 60px;text-align: left\" class=\"vc_custom_heading\" >\u00c0 qui dois-je m\u2019adresser pour d\u00e9poser ma plainte ou exprimer une pr\u00e9occupation?<\/h2>\n\t\t<\/div> \n\t<\/div>\n\t<\/div> \n<\/div><\/div>\n\t\t\t<\/div> \n\t\t<\/div>\n\t<\/div> \n<\/div><\/div>","protected":false},"excerpt":{"rendered":"Know Your Rights How can this guide help me? How can this guide help me? What are my rights? What are my rights? What is racial profiling? What is racial...","protected":false},"author":1,"featured_media":0,"parent":0,"menu_order":0,"comment_status":"closed","ping_status":"closed","template":"","meta":{"footnotes":""},"wf_page_folders":[],"class_list":["post-9","page","type-page","status-publish"],"yoast_head":"<!-- This site is optimized with the Yoast SEO plugin v27.3 - https:\/\/yoast.com\/product\/yoast-seo-wordpress\/ -->\n<title>Home | Know Your Rights: Racial Profiling &amp; Police Stops<\/title>\n<meta name=\"robots\" content=\"index, follow, max-snippet:-1, max-image-preview:large, max-video-preview:-1\" \/>\n<link rel=\"canonical\" href=\"https:\/\/policestops-yourrights.ccla.org\/fr\/\" \/>\n<meta property=\"og:locale\" content=\"fr_CA\" \/>\n<meta property=\"og:type\" content=\"article\" \/>\n<meta property=\"og:title\" content=\"Home | Know Your Rights: Racial Profiling &amp; Police Stops\" \/>\n<meta property=\"og:url\" content=\"https:\/\/policestops-yourrights.ccla.org\/fr\/\" \/>\n<meta property=\"og:site_name\" content=\"Know Your Rights: Racial Profiling &amp; Police Stops\" \/>\n<meta property=\"article:modified_time\" content=\"2022-06-29T14:22:57+00:00\" \/>\n<meta name=\"twitter:card\" content=\"summary_large_image\" \/>\n<meta name=\"twitter:label1\" content=\"Estimation du temps de lecture\" \/>\n\t<meta name=\"twitter:data1\" content=\"2 minutes\" \/>\n<script type=\"application\/ld+json\" class=\"yoast-schema-graph\">{\"@context\":\"https:\\\/\\\/schema.org\",\"@graph\":[{\"@type\":\"WebPage\",\"@id\":\"https:\\\/\\\/policestops-yourrights.ccla.org\\\/\",\"url\":\"https:\\\/\\\/policestops-yourrights.ccla.org\\\/\",\"name\":\"Home | Know Your Rights: Racial Profiling &amp; Police Stops\",\"isPartOf\":{\"@id\":\"https:\\\/\\\/policestops-yourrights.ccla.org\\\/#website\"},\"datePublished\":\"2021-11-04T17:29:43+00:00\",\"dateModified\":\"2022-06-29T14:22:57+00:00\",\"breadcrumb\":{\"@id\":\"https:\\\/\\\/policestops-yourrights.ccla.org\\\/#breadcrumb\"},\"inLanguage\":\"fr-CA\",\"potentialAction\":[{\"@type\":\"ReadAction\",\"target\":[\"https:\\\/\\\/policestops-yourrights.ccla.org\\\/\"]}]},{\"@type\":\"BreadcrumbList\",\"@id\":\"https:\\\/\\\/policestops-yourrights.ccla.org\\\/#breadcrumb\",\"itemListElement\":[{\"@type\":\"ListItem\",\"position\":1,\"name\":\"Home\",\"item\":\"https:\\\/\\\/policestops-yourrights.ccla.org\\\/\"},{\"@type\":\"ListItem\",\"position\":2,\"name\":\"Home\"}]},{\"@type\":\"WebSite\",\"@id\":\"https:\\\/\\\/policestops-yourrights.ccla.org\\\/#website\",\"url\":\"https:\\\/\\\/policestops-yourrights.ccla.org\\\/\",\"name\":\"Know Your Rights: Racial Profiling &amp; Police Stops\",\"description\":\"Brought to you by the Canadian Civil Liberties Association\",\"potentialAction\":[{\"@type\":\"SearchAction\",\"target\":{\"@type\":\"EntryPoint\",\"urlTemplate\":\"https:\\\/\\\/policestops-yourrights.ccla.org\\\/?s={search_term_string}\"},\"query-input\":{\"@type\":\"PropertyValueSpecification\",\"valueRequired\":true,\"valueName\":\"search_term_string\"}}],\"inLanguage\":\"fr-CA\"}]}<\/script>\n<!-- \/ Yoast SEO plugin. -->","yoast_head_json":{"title":"Home | Know Your Rights: Racial Profiling &amp; Police Stops","robots":{"index":"index","follow":"follow","max-snippet":"max-snippet:-1","max-image-preview":"max-image-preview:large","max-video-preview":"max-video-preview:-1"},"canonical":"https:\/\/policestops-yourrights.ccla.org\/fr\/","og_locale":"fr_CA","og_type":"article","og_title":"Home | Know Your Rights: Racial Profiling &amp; Police Stops","og_url":"https:\/\/policestops-yourrights.ccla.org\/fr\/","og_site_name":"Know Your Rights: Racial Profiling &amp; Police Stops","article_modified_time":"2022-06-29T14:22:57+00:00","twitter_card":"summary_large_image","twitter_misc":{"Estimation du temps de lecture":"2 minutes"},"schema":{"@context":"https:\/\/schema.org","@graph":[{"@type":"WebPage","@id":"https:\/\/policestops-yourrights.ccla.org\/","url":"https:\/\/policestops-yourrights.ccla.org\/","name":"Home | Know Your Rights: Racial Profiling &amp; Police Stops","isPartOf":{"@id":"https:\/\/policestops-yourrights.ccla.org\/#website"},"datePublished":"2021-11-04T17:29:43+00:00","dateModified":"2022-06-29T14:22:57+00:00","breadcrumb":{"@id":"https:\/\/policestops-yourrights.ccla.org\/#breadcrumb"},"inLanguage":"fr-CA","potentialAction":[{"@type":"ReadAction","target":["https:\/\/policestops-yourrights.ccla.org\/"]}]},{"@type":"BreadcrumbList","@id":"https:\/\/policestops-yourrights.ccla.org\/#breadcrumb","itemListElement":[{"@type":"ListItem","position":1,"name":"Home","item":"https:\/\/policestops-yourrights.ccla.org\/"},{"@type":"ListItem","position":2,"name":"Home"}]},{"@type":"WebSite","@id":"https:\/\/policestops-yourrights.ccla.org\/#website","url":"https:\/\/policestops-yourrights.ccla.org\/","name":"Know Your Rights: Racial Profiling &amp; Police Stops","description":"Brought to you by the Canadian Civil Liberties Association","potentialAction":[{"@type":"SearchAction","target":{"@type":"EntryPoint","urlTemplate":"https:\/\/policestops-yourrights.ccla.org\/?s={search_term_string}"},"query-input":{"@type":"PropertyValueSpecification","valueRequired":true,"valueName":"search_term_string"}}],"inLanguage":"fr-CA"}]}},"_links":{"self":[{"href":"https:\/\/policestops-yourrights.ccla.org\/fr\/wp-json\/wp\/v2\/pages\/9","targetHints":{"allow":["GET"]}}],"collection":[{"href":"https:\/\/policestops-yourrights.ccla.org\/fr\/wp-json\/wp\/v2\/pages"}],"about":[{"href":"https:\/\/policestops-yourrights.ccla.org\/fr\/wp-json\/wp\/v2\/types\/page"}],"author":[{"embeddable":true,"href":"https:\/\/policestops-yourrights.ccla.org\/fr\/wp-json\/wp\/v2\/users\/1"}],"replies":[{"embeddable":true,"href":"https:\/\/policestops-yourrights.ccla.org\/fr\/wp-json\/wp\/v2\/comments?post=9"}],"version-history":[{"count":241,"href":"https:\/\/policestops-yourrights.ccla.org\/fr\/wp-json\/wp\/v2\/pages\/9\/revisions"}],"predecessor-version":[{"id":1389,"href":"https:\/\/policestops-yourrights.ccla.org\/fr\/wp-json\/wp\/v2\/pages\/9\/revisions\/1389"}],"wp:attachment":[{"href":"https:\/\/policestops-yourrights.ccla.org\/fr\/wp-json\/wp\/v2\/media?parent=9"}],"wp:term":[{"taxonomy":"wf_page_folders","embeddable":true,"href":"https:\/\/policestops-yourrights.ccla.org\/fr\/wp-json\/wp\/v2\/wf_page_folders?post=9"}],"curies":[{"name":"wp","href":"https:\/\/api.w.org\/{rel}","templated":true}]}}