{"id":798,"date":"2021-11-25T14:10:04","date_gmt":"2021-11-25T19:10:04","guid":{"rendered":"https:\/\/policestops-yourrights.ccla.org\/?page_id=798"},"modified":"2021-12-01T15:18:31","modified_gmt":"2021-12-01T20:18:31","slug":"what-can-i-do-if-my-rights-were-violated","status":"publish","type":"page","link":"https:\/\/policestops-yourrights.ccla.org\/fr\/what-can-i-do-if-my-rights-were-violated\/","title":{"rendered":"Que puis-je faire si mes droits ont \u00e9t\u00e9 bafou\u00e9s?"},"content":{"rendered":"<div id=\"fws_69d4cd0db487e\"  data-column-margin=\"default\" data-midnight=\"dark\"  class=\"wpb_row vc_row-fluid vc_row\"  style=\"padding-top: 0px; padding-bottom: 0px; \"><div class=\"row-bg-wrap\" data-bg-animation=\"none\" data-bg-overlay=\"false\"><div class=\"inner-wrap\"><div class=\"row-bg\"  style=\"\"><\/div><\/div><\/div><div class=\"row_col_wrap_12 col span_12 dark left\">\n\t<div  class=\"vc_col-sm-12 wpb_column column_container vc_column_container col no-extra-padding inherit_tablet inherit_phone\"  data-padding-pos=\"all\" data-has-bg-color=\"false\" data-bg-color=\"\" data-bg-opacity=\"1\" data-animation=\"\" data-delay=\"0\" >\n\t\t<div class=\"vc_column-inner\" >\n\t\t\t<div class=\"wpb_wrapper\">\n\t\t\t\t\r\n\t\t<div id=\"fws_69d4cd0db5305\"  data-column-margin=\"default\" data-midnight=\"dark\" data-top-percent=\"6%\" data-bottom-percent=\"6%\"  class=\"wpb_row vc_row-fluid vc_row full-width-section\"  style=\"padding-top: calc(100vw * 0.06); padding-bottom: calc(100vw * 0.06); \"><div class=\"row-bg-wrap\" data-bg-animation=\"none\" data-bg-overlay=\"true\"><div class=\"inner-wrap using-image\"><div class=\"row-bg using-image using-bg-color\"  style=\"background-image: url(https:\/\/policestops-yourrights.ccla.org\/wp-content\/uploads\/2021\/11\/police-officer-puts-handcuffs-on-a-car-thief-2021-08-26-16-26-38-utc.jpg); background-position: center center; background-repeat: no-repeat; background-color: #000000; \"><\/div><\/div><div class=\"row-bg-overlay\" style=\"background-color:#084c61;  opacity: 0.8; \"><\/div><\/div><div class=\"nectar-shape-divider-wrap\" style=\" height:80px;\"  data-height=\"80\" data-front=\"true\" data-style=\"fan\" data-position=\"bottom\" ><svg class=\"nectar-shape-divider\" aria-hidden=\"true\" fill=\"#ffffff\" xmlns=\"http:\/\/www.w3.org\/2000\/svg\" viewbox=\"0 0 1003.92 91\" preserveaspectratio=\"none\"> <polygon class=\"cls-1\" points=\"502.46 46.31 1 85.67 1 91.89 1002.91 91.89 1002.91 85.78 502.46 46.31\"\/><polygon class=\"cls-2\" points=\"502.46 45.8 1 0 1 91.38 1002.91 91.38 1002.91 0.1 502.46 45.8\"\/><rect class=\"cls-3\" y=\"45.81\" width=\"1003.92\" height=\"46.09\"\/>\r\n            <\/svg><\/div><div class=\"row_col_wrap_12 col span_12 dark left\">\n\t<div  class=\"vc_col-sm-12 wpb_column column_container vc_column_container col no-extra-padding inherit_tablet inherit_phone\"  data-padding-pos=\"all\" data-has-bg-color=\"false\" data-bg-color=\"\" data-bg-opacity=\"1\" data-animation=\"\" data-delay=\"0\" >\n\t\t<div class=\"vc_column-inner\" >\n\t\t\t<div class=\"wpb_wrapper\">\n\t\t\t\t<div class=\"nectar-highlighted-text font_size_11vh\" data-style=\"text_outline\" data-outline-thickness=\"regular\" data-user-color=\"true\" style=\"color: #ffffff;\" data-using-custom-color=\"false\" data-animation-delay=\"false\" data-color=\"\" data-color-gradient=\"\">\r\n<h1 style=\"line-height: .9em;\"><em>Que puis-je faire si mes droits ont \u00e9t\u00e9 bafou\u00e9s?<\/em><\/h1>\r\n<\/div>\n\t\t\t<\/div> \n\t\t<\/div>\n\t<\/div> \n<\/div><\/div>\n\t\t\t<\/div> \n\t\t<\/div>\n\t<\/div> \n<\/div><\/div>\r\n\t\t<div id=\"fws_69d4cd0db5ad8\"  data-column-margin=\"default\" data-midnight=\"light\" data-top-percent=\"2%\" data-bottom-percent=\"2%\"  class=\"wpb_row vc_row-fluid vc_row full-width-section\"  style=\"padding-top: calc(100vw * 0.02); padding-bottom: calc(100vw * 0.02); \"><div class=\"row-bg-wrap\" data-bg-animation=\"none\" data-bg-overlay=\"false\"><div class=\"inner-wrap\"><div class=\"row-bg\"  style=\"\"><\/div><\/div><\/div><div class=\"row_col_wrap_12 col span_12 light left\">\n\t<div  class=\"vc_col-sm-12 wpb_column column_container vc_column_container col no-extra-padding inherit_tablet inherit_phone\"  data-padding-pos=\"all\" data-has-bg-color=\"false\" data-bg-color=\"\" data-bg-opacity=\"1\" data-animation=\"\" data-delay=\"0\" >\n\t\t<div class=\"vc_column-inner\" >\n\t\t\t<div class=\"wpb_wrapper\">\n\t\t\t\t<div id=\"fws_69d4cd0db5f8b\" data-midnight=\"\" data-column-margin=\"default\" class=\"wpb_row vc_row-fluid vc_row inner_row  vc_row-o-equal-height vc_row-flex vc_row-o-content-middle\"  style=\"\"><div class=\"row-bg-wrap\"> <div class=\"row-bg\" ><\/div> <\/div><div class=\"row_col_wrap_12_inner col span_12  left\">\n\t<div style=\"\" class=\"vc_col-sm-4 wpb_column column_container vc_column_container col child_column has-animation padding-7-percent inherit_tablet inherit_phone\"  data-using-bg=\"true\" data-padding-pos=\"all\" data-has-bg-color=\"true\" data-bg-color=\"#323031\" data-bg-opacity=\"1\" data-hover-bg=\"#db3a34\" data-hover-bg-opacity=\"1\" data-animation=\"flip-in-vertical\" data-delay=\"0\">\n\t\t<div class=\"vc_column-inner\" ><a class=\"column-link\" target=\"_self\" href=\"\/fr\/what-is-a-rights-violation-or-unfair-treatment\/\"><span class=\"screen-reader-text\">Qu\u2019est-ce qu\u2019une violation des droits ou un traitement injuste?<\/span><\/a><div class=\"column-bg-overlay-wrap\" data-bg-animation=\"none\"><div class=\"column-bg-overlay\" style=\"opacity: 1; background-color: #323031;\"><\/div><\/div>\n\t\t<div class=\"wpb_wrapper\">\n\t\t\t<h2 style=\"font-size: 40px;color: #ffffff;line-height: 1;text-align: left\" class=\"vc_custom_heading\" >Qu\u2019est-ce qu\u2019une violation des droits ou un traitement injuste?<\/h2>\n\t\t<\/div> \n\t<\/div>\n\t<\/div> \n\n\t<div style=\" color: #e2e2e2;\" class=\"vc_col-sm-4 wpb_column column_container vc_column_container col child_column has-animation padding-7-percent inherit_tablet inherit_phone\" data-cfc=\"true\" data-using-bg=\"true\" data-padding-pos=\"all\" data-has-bg-color=\"true\" data-bg-color=\"#084c61\" data-bg-opacity=\"1\" data-hover-bg=\"#db3a34\" data-hover-bg-opacity=\"1\" data-animation=\"flip-in-vertical\" data-delay=\"100\">\n\t\t<div class=\"vc_column-inner\" ><a class=\"column-link\" target=\"_self\" href=\"\/fr\/can-i-film-police-stops\/\"><span class=\"screen-reader-text\">Puis-je filmer les interpellations polici\u00e8res?<\/span><\/a><div class=\"column-bg-overlay-wrap\" data-bg-animation=\"none\"><div class=\"column-bg-overlay\" style=\"opacity: 1; background-color: #084c61;\"><\/div><\/div>\n\t\t<div class=\"wpb_wrapper\">\n\t\t\t<h2 style=\"font-size: 40px;color: #ffffff;line-height: 1;text-align: left\" class=\"vc_custom_heading\" >Puis-je filmer les interpellations polici\u00e8res?<\/h2>\n\t\t<\/div> \n\t<\/div>\n\t<\/div> \n\n\t<div style=\"\" class=\"vc_col-sm-4 wpb_column column_container vc_column_container col child_column has-animation padding-7-percent inherit_tablet inherit_phone\"  data-using-bg=\"true\" data-padding-pos=\"all\" data-has-bg-color=\"true\" data-bg-color=\"#323031\" data-bg-opacity=\"0.7\" data-hover-bg=\"#db3a34\" data-hover-bg-opacity=\"1\" data-animation=\"flip-in-vertical\" data-delay=\"0\">\n\t\t<div class=\"vc_column-inner\" ><a class=\"column-link\" target=\"_self\" href=\"\/fr\/should-i-take-notes-during-an-interaction-with-police\/\"><span class=\"screen-reader-text\">Dois-je prendre des notes pendant une interaction avec la police?<\/span><\/a><div class=\"column-image-bg-wrap\" data-bg-pos=\"center center\" data-bg-animation=\"none\"><div class=\"inner-wrap\"><div class=\"column-image-bg\" style=\" background-image: url('https:\/\/policestops-yourrights.ccla.org\/wp-content\/uploads\/2021\/12\/top-view-of-blank-notepad-on-wooden-desk-2021-08-30-02-43-00-utc.jpg'); \"><\/div><\/div><\/div><div class=\"column-bg-overlay-wrap\" data-bg-animation=\"none\"><div class=\"column-bg-overlay\" style=\"opacity: 0.7; background-color: #323031;\"><\/div><\/div>\n\t\t<div class=\"wpb_wrapper\">\n\t\t\t<h2 style=\"font-size: 40px;color: #ffffff;line-height: 1;text-align: left\" class=\"vc_custom_heading\" >Dois-je prendre des notes pendant une interaction avec la police?<\/h2>\n\t\t<\/div> \n\t<\/div>\n\t<\/div> \n<\/div><\/div><div id=\"fws_69d4cd0db7099\" data-midnight=\"\" data-column-margin=\"default\" class=\"wpb_row vc_row-fluid vc_row inner_row  vc_row-o-equal-height vc_row-flex vc_row-o-content-middle\"  style=\"\"><div class=\"row-bg-wrap\"> <div class=\"row-bg\" ><\/div> <\/div><div class=\"row_col_wrap_12_inner col span_12  left\">\n\t<div style=\"\" class=\"vc_col-sm-12 wpb_column column_container vc_column_container col child_column has-animation padding-5-percent inherit_tablet inherit_phone\"  data-using-bg=\"true\" data-padding-pos=\"all\" data-has-bg-color=\"true\" data-bg-color=\"#db3a34\" data-bg-opacity=\"1\" data-hover-bg=\"#177e89\" data-hover-bg-opacity=\"1\" data-animation=\"flip-in-vertical\" data-delay=\"0\">\n\t\t<div class=\"vc_column-inner\" ><a class=\"column-link\" target=\"_self\" href=\"\/fr\/what-should-i-do-if-im-injured-during-an-interaction-with-police\/\"><span class=\"screen-reader-text\">Que dois-je faire si je suis bless\u00e9 lors d\u2019une interaction avec la police?<\/span><\/a><div class=\"column-bg-overlay-wrap\" data-bg-animation=\"none\"><div class=\"column-bg-overlay\" style=\"opacity: 1; background-color: #db3a34;\"><\/div><\/div>\n\t\t<div class=\"wpb_wrapper\">\n\t\t\t<h2 style=\"font-size: 40px;color: #ffffff;line-height: 1;text-align: left\" class=\"vc_custom_heading\" >Que dois-je faire si je suis bless\u00e9 lors d\u2019une interaction avec la police?<\/h2>\n\t\t<\/div> \n\t<\/div>\n\t<\/div> \n<\/div><\/div><div id=\"fws_69d4cd0db764a\" data-midnight=\"\" data-column-margin=\"default\" class=\"wpb_row vc_row-fluid vc_row inner_row  vc_row-o-equal-height vc_row-flex vc_row-o-content-middle\"  style=\"\"><div class=\"row-bg-wrap\"> <div class=\"row-bg\" ><\/div> <\/div><div class=\"row_col_wrap_12_inner col span_12  left\">\n\t<div style=\" color: #e2e2e2;\" class=\"vc_col-sm-7 wpb_column column_container vc_column_container col child_column has-animation padding-7-percent inherit_tablet inherit_phone\" data-cfc=\"true\" data-using-bg=\"true\" data-padding-pos=\"all\" data-has-bg-color=\"true\" data-bg-color=\"#084c61\" data-bg-opacity=\"1\" data-hover-bg=\"#db3a34\" data-hover-bg-opacity=\"1\" data-animation=\"flip-in-vertical\" data-delay=\"100\">\n\t\t<div class=\"vc_column-inner\" ><a class=\"column-link\" target=\"_self\" href=\"\/fr\/when-is-my-best-time-to-take-action\/\"><span class=\"screen-reader-text\">Quel est le meilleur moment pour agir?<\/span><\/a><div class=\"column-bg-overlay-wrap\" data-bg-animation=\"none\"><div class=\"column-bg-overlay\" style=\"opacity: 1; background-color: #084c61;\"><\/div><\/div>\n\t\t<div class=\"wpb_wrapper\">\n\t\t\t<h2 style=\"font-size: 40px;color: #ffffff;line-height: 1;text-align: left\" class=\"vc_custom_heading\" >Quel est le meilleur moment pour agir?<\/h2>\n\t\t<\/div> \n\t<\/div>\n\t<\/div> \n\n\t<div style=\"\" class=\"vc_col-sm-5 wpb_column column_container vc_column_container col child_column has-animation padding-7-percent inherit_tablet inherit_phone\"  data-using-bg=\"true\" data-padding-pos=\"all\" data-has-bg-color=\"true\" data-bg-color=\"#323031\" data-bg-opacity=\"1\" data-hover-bg=\"#db3a34\" data-hover-bg-opacity=\"1\" data-animation=\"flip-in-vertical\" data-delay=\"0\">\n\t\t<div class=\"vc_column-inner\" ><a class=\"column-link\" target=\"_self\" href=\"\/fr\/what-kind-of-action-can-i-take\/\"><span class=\"screen-reader-text\">Quel type d\u2019action puis-je entreprendre?<\/span><\/a><div class=\"column-bg-overlay-wrap\" data-bg-animation=\"none\"><div class=\"column-bg-overlay\" style=\"opacity: 1; background-color: #323031;\"><\/div><\/div>\n\t\t<div class=\"wpb_wrapper\">\n\t\t\t<h2 style=\"font-size: 40px;color: #ffffff;line-height: 1;text-align: left\" class=\"vc_custom_heading\" >Quel type d\u2019action puis-je entreprendre?<\/h2>\n\t\t<\/div> \n\t<\/div>\n\t<\/div> \n<\/div><\/div><div id=\"fws_69d4cd0db7efe\" data-midnight=\"\" data-column-margin=\"default\" class=\"wpb_row vc_row-fluid vc_row inner_row  vc_row-o-equal-height vc_row-flex vc_row-o-content-middle\"  style=\"\"><div class=\"row-bg-wrap\"> <div class=\"row-bg\" ><\/div> <\/div><div class=\"row_col_wrap_12_inner col span_12  left\">\n\t<div style=\"\" class=\"vc_col-sm-12 wpb_column column_container vc_column_container col child_column has-animation padding-5-percent inherit_tablet inherit_phone\"  data-using-bg=\"true\" data-bg-cover=\"true\" data-padding-pos=\"all\" data-has-bg-color=\"true\" data-bg-color=\"#323031\" data-bg-opacity=\"0.7\" data-hover-bg=\"#db3a34\" data-hover-bg-opacity=\"1\" data-animation=\"flip-in-vertical\" data-delay=\"0\">\n\t\t<div class=\"vc_column-inner\" ><a class=\"column-link\" target=\"_self\" href=\"\/fr\/if-my-rights-were-violated-can-i-still-be-arrested-charged-and-found-guilty\/\"><span class=\"screen-reader-text\">Si mes droits ont \u00e9t\u00e9 bafou\u00e9s, puis-je quand m\u00eame \u00eatre arr\u00eat\u00e9, inculp\u00e9 et d\u00e9clar\u00e9 coupable?<\/span><\/a><div class=\"column-image-bg-wrap\" data-bg-pos=\"center center\" data-bg-animation=\"none\"><div class=\"inner-wrap\"><div class=\"column-image-bg\" style=\" background-image: url('https:\/\/policestops-yourrights.ccla.org\/wp-content\/uploads\/2021\/12\/prisoner-holding-the-bars-of-his-cell-racial-pro-2021-08-29-01-08-12-utc.jpg'); \"><\/div><\/div><\/div><div class=\"column-bg-overlay-wrap\" data-bg-animation=\"none\"><div class=\"column-bg-overlay\" style=\"opacity: 0.7; background-color: #323031;\"><\/div><\/div>\n\t\t<div class=\"wpb_wrapper\">\n\t\t\t<h2 style=\"font-size: 40px;color: #ffffff;line-height: 1;text-align: left\" class=\"vc_custom_heading\" >Si mes droits ont \u00e9t\u00e9 bafou\u00e9s, puis-je quand m\u00eame \u00eatre arr\u00eat\u00e9, inculp\u00e9 et d\u00e9clar\u00e9 coupable?<\/h2>\n\t\t<\/div> \n\t<\/div>\n\t<\/div> \n<\/div><\/div>\n\t\t\t<\/div> \n\t\t<\/div>\n\t<\/div> \n<\/div><\/div>","protected":false},"excerpt":{"rendered":"What Can I Do If My Rights Were Violated? What is a rights violation or unfair treatment? What is a rights violation or unfair treatment? Can I film police stops?...","protected":false},"author":1,"featured_media":0,"parent":0,"menu_order":0,"comment_status":"closed","ping_status":"closed","template":"","meta":{"footnotes":""},"wf_page_folders":[7],"class_list":["post-798","page","type-page","status-publish"],"yoast_head":"<!-- This site is optimized with the Yoast SEO plugin v27.3 - https:\/\/yoast.com\/product\/yoast-seo-wordpress\/ -->\n<title>What Can I Do If My Rights Were Violated? | Know Your Rights: Racial Profiling &amp; Police Stops<\/title>\n<meta name=\"robots\" content=\"index, follow, max-snippet:-1, max-image-preview:large, max-video-preview:-1\" \/>\n<link rel=\"canonical\" href=\"https:\/\/policestops-yourrights.ccla.org\/fr\/what-can-i-do-if-my-rights-were-violated\/\" \/>\n<meta property=\"og:locale\" content=\"fr_CA\" \/>\n<meta property=\"og:type\" content=\"article\" \/>\n<meta property=\"og:title\" content=\"What Can I Do If My Rights Were Violated? | Know Your Rights: Racial Profiling &amp; Police Stops\" \/>\n<meta property=\"og:url\" content=\"https:\/\/policestops-yourrights.ccla.org\/fr\/what-can-i-do-if-my-rights-were-violated\/\" \/>\n<meta property=\"og:site_name\" content=\"Know Your Rights: Racial Profiling &amp; Police Stops\" \/>\n<meta property=\"article:modified_time\" content=\"2021-12-01T20:18:31+00:00\" \/>\n<meta name=\"twitter:card\" content=\"summary_large_image\" \/>\n<meta name=\"twitter:label1\" content=\"Estimation du temps de lecture\" \/>\n\t<meta name=\"twitter:data1\" content=\"2 minutes\" \/>\n<script type=\"application\/ld+json\" class=\"yoast-schema-graph\">{\"@context\":\"https:\\\/\\\/schema.org\",\"@graph\":[{\"@type\":\"WebPage\",\"@id\":\"https:\\\/\\\/policestops-yourrights.ccla.org\\\/what-can-i-do-if-my-rights-were-violated\\\/\",\"url\":\"https:\\\/\\\/policestops-yourrights.ccla.org\\\/what-can-i-do-if-my-rights-were-violated\\\/\",\"name\":\"What Can I Do If My Rights Were Violated? | Know Your Rights: Racial Profiling &amp; Police Stops\",\"isPartOf\":{\"@id\":\"https:\\\/\\\/policestops-yourrights.ccla.org\\\/#website\"},\"datePublished\":\"2021-11-25T19:10:04+00:00\",\"dateModified\":\"2021-12-01T20:18:31+00:00\",\"breadcrumb\":{\"@id\":\"https:\\\/\\\/policestops-yourrights.ccla.org\\\/what-can-i-do-if-my-rights-were-violated\\\/#breadcrumb\"},\"inLanguage\":\"fr-CA\",\"potentialAction\":[{\"@type\":\"ReadAction\",\"target\":[\"https:\\\/\\\/policestops-yourrights.ccla.org\\\/what-can-i-do-if-my-rights-were-violated\\\/\"]}]},{\"@type\":\"BreadcrumbList\",\"@id\":\"https:\\\/\\\/policestops-yourrights.ccla.org\\\/what-can-i-do-if-my-rights-were-violated\\\/#breadcrumb\",\"itemListElement\":[{\"@type\":\"ListItem\",\"position\":1,\"name\":\"Home\",\"item\":\"https:\\\/\\\/policestops-yourrights.ccla.org\\\/\"},{\"@type\":\"ListItem\",\"position\":2,\"name\":\"What Can I Do If My Rights Were Violated?\"}]},{\"@type\":\"WebSite\",\"@id\":\"https:\\\/\\\/policestops-yourrights.ccla.org\\\/#website\",\"url\":\"https:\\\/\\\/policestops-yourrights.ccla.org\\\/\",\"name\":\"Know Your Rights: Racial Profiling &amp; Police Stops\",\"description\":\"Brought to you by the Canadian Civil Liberties Association\",\"potentialAction\":[{\"@type\":\"SearchAction\",\"target\":{\"@type\":\"EntryPoint\",\"urlTemplate\":\"https:\\\/\\\/policestops-yourrights.ccla.org\\\/?s={search_term_string}\"},\"query-input\":{\"@type\":\"PropertyValueSpecification\",\"valueRequired\":true,\"valueName\":\"search_term_string\"}}],\"inLanguage\":\"fr-CA\"}]}<\/script>\n<!-- \/ Yoast SEO plugin. -->","yoast_head_json":{"title":"What Can I Do If My Rights Were Violated? | Know Your Rights: Racial Profiling &amp; Police Stops","robots":{"index":"index","follow":"follow","max-snippet":"max-snippet:-1","max-image-preview":"max-image-preview:large","max-video-preview":"max-video-preview:-1"},"canonical":"https:\/\/policestops-yourrights.ccla.org\/fr\/what-can-i-do-if-my-rights-were-violated\/","og_locale":"fr_CA","og_type":"article","og_title":"What Can I Do If My Rights Were Violated? | Know Your Rights: Racial Profiling &amp; Police Stops","og_url":"https:\/\/policestops-yourrights.ccla.org\/fr\/what-can-i-do-if-my-rights-were-violated\/","og_site_name":"Know Your Rights: Racial Profiling &amp; Police Stops","article_modified_time":"2021-12-01T20:18:31+00:00","twitter_card":"summary_large_image","twitter_misc":{"Estimation du temps de lecture":"2 minutes"},"schema":{"@context":"https:\/\/schema.org","@graph":[{"@type":"WebPage","@id":"https:\/\/policestops-yourrights.ccla.org\/what-can-i-do-if-my-rights-were-violated\/","url":"https:\/\/policestops-yourrights.ccla.org\/what-can-i-do-if-my-rights-were-violated\/","name":"What Can I Do If My Rights Were Violated? | Know Your Rights: Racial Profiling &amp; Police Stops","isPartOf":{"@id":"https:\/\/policestops-yourrights.ccla.org\/#website"},"datePublished":"2021-11-25T19:10:04+00:00","dateModified":"2021-12-01T20:18:31+00:00","breadcrumb":{"@id":"https:\/\/policestops-yourrights.ccla.org\/what-can-i-do-if-my-rights-were-violated\/#breadcrumb"},"inLanguage":"fr-CA","potentialAction":[{"@type":"ReadAction","target":["https:\/\/policestops-yourrights.ccla.org\/what-can-i-do-if-my-rights-were-violated\/"]}]},{"@type":"BreadcrumbList","@id":"https:\/\/policestops-yourrights.ccla.org\/what-can-i-do-if-my-rights-were-violated\/#breadcrumb","itemListElement":[{"@type":"ListItem","position":1,"name":"Home","item":"https:\/\/policestops-yourrights.ccla.org\/"},{"@type":"ListItem","position":2,"name":"What Can I Do If My Rights Were Violated?"}]},{"@type":"WebSite","@id":"https:\/\/policestops-yourrights.ccla.org\/#website","url":"https:\/\/policestops-yourrights.ccla.org\/","name":"Know Your Rights: Racial Profiling &amp; Police Stops","description":"Brought to you by the Canadian Civil Liberties Association","potentialAction":[{"@type":"SearchAction","target":{"@type":"EntryPoint","urlTemplate":"https:\/\/policestops-yourrights.ccla.org\/?s={search_term_string}"},"query-input":{"@type":"PropertyValueSpecification","valueRequired":true,"valueName":"search_term_string"}}],"inLanguage":"fr-CA"}]}},"_links":{"self":[{"href":"https:\/\/policestops-yourrights.ccla.org\/fr\/wp-json\/wp\/v2\/pages\/798","targetHints":{"allow":["GET"]}}],"collection":[{"href":"https:\/\/policestops-yourrights.ccla.org\/fr\/wp-json\/wp\/v2\/pages"}],"about":[{"href":"https:\/\/policestops-yourrights.ccla.org\/fr\/wp-json\/wp\/v2\/types\/page"}],"author":[{"embeddable":true,"href":"https:\/\/policestops-yourrights.ccla.org\/fr\/wp-json\/wp\/v2\/users\/1"}],"replies":[{"embeddable":true,"href":"https:\/\/policestops-yourrights.ccla.org\/fr\/wp-json\/wp\/v2\/comments?post=798"}],"version-history":[{"count":7,"href":"https:\/\/policestops-yourrights.ccla.org\/fr\/wp-json\/wp\/v2\/pages\/798\/revisions"}],"predecessor-version":[{"id":1245,"href":"https:\/\/policestops-yourrights.ccla.org\/fr\/wp-json\/wp\/v2\/pages\/798\/revisions\/1245"}],"wp:attachment":[{"href":"https:\/\/policestops-yourrights.ccla.org\/fr\/wp-json\/wp\/v2\/media?parent=798"}],"wp:term":[{"taxonomy":"wf_page_folders","embeddable":true,"href":"https:\/\/policestops-yourrights.ccla.org\/fr\/wp-json\/wp\/v2\/wf_page_folders?post=798"}],"curies":[{"name":"wp","href":"https:\/\/api.w.org\/{rel}","templated":true}]}}