{"id":753,"date":"2021-11-25T13:11:00","date_gmt":"2021-11-25T18:11:00","guid":{"rendered":"https:\/\/policestops-yourrights.ccla.org\/?page_id=753"},"modified":"2021-12-01T13:44:26","modified_gmt":"2021-12-01T18:44:26","slug":"my-rights","status":"publish","type":"page","link":"https:\/\/policestops-yourrights.ccla.org\/fr\/my-rights\/","title":{"rendered":"Mes droits"},"content":{"rendered":"<div id=\"fws_69e059ca1bd64\"  data-column-margin=\"default\" data-midnight=\"dark\"  class=\"wpb_row vc_row-fluid vc_row\"  style=\"padding-top: 0px; padding-bottom: 0px; \"><div class=\"row-bg-wrap\" data-bg-animation=\"none\" data-bg-overlay=\"false\"><div class=\"inner-wrap\"><div class=\"row-bg\"  style=\"\"><\/div><\/div><\/div><div class=\"row_col_wrap_12 col span_12 dark left\">\n\t<div  class=\"vc_col-sm-12 wpb_column column_container vc_column_container col no-extra-padding inherit_tablet inherit_phone\"  data-padding-pos=\"all\" data-has-bg-color=\"false\" data-bg-color=\"\" data-bg-opacity=\"1\" data-animation=\"\" data-delay=\"0\" >\n\t\t<div class=\"vc_column-inner\" >\n\t\t\t<div class=\"wpb_wrapper\">\n\t\t\t\t\r\n\t\t<div id=\"fws_69e059ca1c7e2\"  data-column-margin=\"default\" data-midnight=\"dark\" data-top-percent=\"6%\" data-bottom-percent=\"6%\"  class=\"wpb_row vc_row-fluid vc_row full-width-section\"  style=\"padding-top: calc(100vw * 0.06); padding-bottom: calc(100vw * 0.06); \"><div class=\"row-bg-wrap\" data-bg-animation=\"none\" data-bg-overlay=\"true\"><div class=\"inner-wrap using-image\"><div class=\"row-bg using-image using-bg-color\"  style=\"background-image: url(https:\/\/policestops-yourrights.ccla.org\/wp-content\/uploads\/2021\/12\/justice-mallet-and-applicant-or-fingerprints-card-2021-08-29-15-05-09-utc.jpg); background-position: center top; background-repeat: no-repeat; background-color: #000000; \"><\/div><\/div><div class=\"row-bg-overlay\" style=\"background-color:#084c61;  opacity: 0.8; \"><\/div><\/div><div class=\"nectar-shape-divider-wrap\" style=\" height:80px;\"  data-height=\"80\" data-front=\"true\" data-style=\"fan\" data-position=\"bottom\" ><svg class=\"nectar-shape-divider\" aria-hidden=\"true\" fill=\"#ffffff\" xmlns=\"http:\/\/www.w3.org\/2000\/svg\" viewbox=\"0 0 1003.92 91\" preserveaspectratio=\"none\"> <polygon class=\"cls-1\" points=\"502.46 46.31 1 85.67 1 91.89 1002.91 91.89 1002.91 85.78 502.46 46.31\"\/><polygon class=\"cls-2\" points=\"502.46 45.8 1 0 1 91.38 1002.91 91.38 1002.91 0.1 502.46 45.8\"\/><rect class=\"cls-3\" y=\"45.81\" width=\"1003.92\" height=\"46.09\"\/>\r\n            <\/svg><\/div><div class=\"row_col_wrap_12 col span_12 dark left\">\n\t<div  class=\"vc_col-sm-12 wpb_column column_container vc_column_container col no-extra-padding inherit_tablet inherit_phone\"  data-padding-pos=\"all\" data-has-bg-color=\"false\" data-bg-color=\"\" data-bg-opacity=\"1\" data-animation=\"\" data-delay=\"0\" >\n\t\t<div class=\"vc_column-inner\" >\n\t\t\t<div class=\"wpb_wrapper\">\n\t\t\t\t<div class=\"nectar-highlighted-text font_size_11vh\" data-style=\"text_outline\" data-outline-thickness=\"regular\" data-user-color=\"true\" style=\"color: #ffffff;\" data-using-custom-color=\"false\" data-animation-delay=\"false\" data-color=\"\" data-color-gradient=\"\">\r\n<h1 style=\"line-height: .9em;\"><em>Mes droits<\/em><\/h1>\r\n<\/div>\n\t\t\t<\/div> \n\t\t<\/div>\n\t<\/div> \n<\/div><\/div>\n\t\t\t<\/div> \n\t\t<\/div>\n\t<\/div> \n<\/div><\/div>\r\n\t\t<div id=\"fws_69e059ca1cfbc\"  data-column-margin=\"default\" data-midnight=\"light\" data-top-percent=\"2%\" data-bottom-percent=\"2%\"  class=\"wpb_row vc_row-fluid vc_row full-width-section\"  style=\"padding-top: calc(100vw * 0.02); padding-bottom: calc(100vw * 0.02); \"><div class=\"row-bg-wrap\" data-bg-animation=\"none\" data-bg-overlay=\"false\"><div class=\"inner-wrap\"><div class=\"row-bg\"  style=\"\"><\/div><\/div><\/div><div class=\"row_col_wrap_12 col span_12 light left\">\n\t<div  class=\"vc_col-sm-12 wpb_column column_container vc_column_container col no-extra-padding inherit_tablet inherit_phone\"  data-padding-pos=\"all\" data-has-bg-color=\"false\" data-bg-color=\"\" data-bg-opacity=\"1\" data-animation=\"\" data-delay=\"0\" >\n\t\t<div class=\"vc_column-inner\" >\n\t\t\t<div class=\"wpb_wrapper\">\n\t\t\t\t<div id=\"fws_69e059ca1d478\" data-midnight=\"\" data-column-margin=\"default\" class=\"wpb_row vc_row-fluid vc_row inner_row  vc_row-o-equal-height vc_row-flex vc_row-o-content-middle\"  style=\"\"><div class=\"row-bg-wrap\"> <div class=\"row-bg\" ><\/div> <\/div><div class=\"row_col_wrap_12_inner col span_12  left\">\n\t<div style=\"\" class=\"vc_col-sm-12 wpb_column column_container vc_column_container col child_column has-animation padding-5-percent inherit_tablet inherit_phone\"  data-using-bg=\"true\" data-padding-pos=\"all\" data-has-bg-color=\"true\" data-bg-color=\"#db3a34\" data-bg-opacity=\"1\" data-hover-bg=\"#177e89\" data-hover-bg-opacity=\"1\" data-animation=\"flip-in-vertical\" data-delay=\"0\">\n\t\t<div class=\"vc_column-inner\" ><a class=\"column-link\" target=\"_self\" href=\"\/fr\/police-stops-detention-being-detained-vs-the-right-to-walk-away\/\"><span class=\"screen-reader-text\">Interpellations polici\u00e8res, d\u00e9tention (\u00eatre d\u00e9tenu) ou droit de s\u2019en aller<\/span><\/a><div class=\"column-bg-overlay-wrap\" data-bg-animation=\"none\"><div class=\"column-bg-overlay\" style=\"opacity: 1; background-color: #db3a34;\"><\/div><\/div>\n\t\t<div class=\"wpb_wrapper\">\n\t\t\t<h2 style=\"font-size: 40px;color: #ffffff;line-height: 1;text-align: left\" class=\"vc_custom_heading\" >Interpellations polici\u00e8res, d\u00e9tention (\u00eatre d\u00e9tenu) ou droit de s\u2019en aller<\/h2>\n\t\t<\/div> \n\t<\/div>\n\t<\/div> \n<\/div><\/div><div id=\"fws_69e059ca1db9d\" data-midnight=\"\" data-column-margin=\"default\" class=\"wpb_row vc_row-fluid vc_row inner_row  vc_row-o-equal-height vc_row-flex vc_row-o-content-middle\"  style=\"\"><div class=\"row-bg-wrap\"> <div class=\"row-bg\" ><\/div> <\/div><div class=\"row_col_wrap_12_inner col span_12  left\">\n\t<div style=\"\" class=\"vc_col-sm-4 wpb_column column_container vc_column_container col child_column has-animation padding-7-percent inherit_tablet inherit_phone\"  data-using-bg=\"true\" data-padding-pos=\"all\" data-has-bg-color=\"true\" data-bg-color=\"#323031\" data-bg-opacity=\"1\" data-hover-bg=\"#db3a34\" data-hover-bg-opacity=\"1\" data-animation=\"flip-in-vertical\" data-delay=\"0\">\n\t\t<div class=\"vc_column-inner\" ><a class=\"column-link\" target=\"_self\" href=\"\/fr\/requests-for-id-and-police-questions-vs-the-right-to-remain-silent\/\"><span class=\"screen-reader-text\">Demandes d\u2019identification et questions de la police et Droit de garder le silence<\/span><\/a><div class=\"column-bg-overlay-wrap\" data-bg-animation=\"none\"><div class=\"column-bg-overlay\" style=\"opacity: 1; background-color: #323031;\"><\/div><\/div>\n\t\t<div class=\"wpb_wrapper\">\n\t\t\t<h2 style=\"font-size: 40px;color: #ffffff;line-height: 1;text-align: left\" class=\"vc_custom_heading\" >Demandes d\u2019identification et questions de la police et Droit de garder le silence<\/h2>\n\t\t<\/div> \n\t<\/div>\n\t<\/div> \n\n\t<div style=\" color: #e2e2e2;\" class=\"vc_col-sm-4 wpb_column column_container vc_column_container col child_column has-animation padding-7-percent inherit_tablet inherit_phone\" data-cfc=\"true\" data-using-bg=\"true\" data-padding-pos=\"all\" data-has-bg-color=\"true\" data-bg-color=\"#084c61\" data-bg-opacity=\"1\" data-hover-bg=\"#db3a34\" data-hover-bg-opacity=\"1\" data-animation=\"flip-in-vertical\" data-delay=\"100\">\n\t\t<div class=\"vc_column-inner\" ><a class=\"column-link\" target=\"_self\" href=\"\/fr\/what-rights-do-i-have-in-police-stops-and-interactions\/\"><span class=\"screen-reader-text\">Quels sont mes droits lors des interpellations et des interactions avec la police?<\/span><\/a><div class=\"column-bg-overlay-wrap\" data-bg-animation=\"none\"><div class=\"column-bg-overlay\" style=\"opacity: 1; background-color: #084c61;\"><\/div><\/div>\n\t\t<div class=\"wpb_wrapper\">\n\t\t\t<h2 style=\"font-size: 40px;color: #ffffff;line-height: 1;text-align: left\" class=\"vc_custom_heading\" >Quels sont mes droits lors des interpellations et des interactions avec la police?<\/h2>\n\t\t<\/div> \n\t<\/div>\n\t<\/div> \n\n\t<div style=\"\" class=\"vc_col-sm-4 wpb_column column_container vc_column_container col child_column has-animation padding-7-percent inherit_tablet inherit_phone\"  data-using-bg=\"true\" data-bg-cover=\"true\" data-padding-pos=\"all\" data-has-bg-color=\"true\" data-bg-color=\"#323031\" data-bg-opacity=\"0.7\" data-hover-bg=\"#db3a34\" data-hover-bg-opacity=\"1\" data-animation=\"flip-in-vertical\" data-delay=\"0\">\n\t\t<div class=\"vc_column-inner\" ><a class=\"column-link\" target=\"_self\" href=\"\/fr\/driving-stops-are-there-special-rules-what-are-my-rights\/\"><span class=\"screen-reader-text\">Interpellation d\u2019un conducteur \u2013 y a-t-il des r\u00e8gles particuli\u00e8res? Quels sont mes droits?<\/span><\/a><div class=\"column-image-bg-wrap\" data-bg-pos=\"center center\" data-bg-animation=\"none\"><div class=\"inner-wrap\"><div class=\"column-image-bg\" style=\" background-image: url('https:\/\/policestops-yourrights.ccla.org\/wp-content\/uploads\/2021\/11\/male-police-officer-in-green-uniform-stops-vehicle-2021-08-30-12-45-54-utc.jpg'); \"><\/div><\/div><\/div><div class=\"column-bg-overlay-wrap\" data-bg-animation=\"none\"><div class=\"column-bg-overlay\" style=\"opacity: 0.7; background-color: #323031;\"><\/div><\/div>\n\t\t<div class=\"wpb_wrapper\">\n\t\t\t<h2 style=\"font-size: 40px;color: #ffffff;line-height: 1;text-align: left\" class=\"vc_custom_heading\" >Interpellation d\u2019un conducteur \u2013 y a-t-il des r\u00e8gles particuli\u00e8res? Quels sont mes droits?<\/h2>\n\t\t<\/div> \n\t<\/div>\n\t<\/div> \n<\/div><\/div><div id=\"fws_69e059ca1eb3a\" data-midnight=\"\" data-column-margin=\"default\" class=\"wpb_row vc_row-fluid vc_row inner_row  vc_row-o-equal-height vc_row-flex vc_row-o-content-middle\"  style=\"\"><div class=\"row-bg-wrap\"> <div class=\"row-bg\" ><\/div> <\/div><div class=\"row_col_wrap_12_inner col span_12  left\">\n\t<div style=\" color: #e2e2e2;\" class=\"vc_col-sm-7 wpb_column column_container vc_column_container col child_column has-animation padding-7-percent inherit_tablet inherit_phone\" data-cfc=\"true\" data-using-bg=\"true\" data-padding-pos=\"all\" data-has-bg-color=\"true\" data-bg-color=\"#084c61\" data-bg-opacity=\"1\" data-hover-bg=\"#db3a34\" data-hover-bg-opacity=\"1\" data-animation=\"flip-in-vertical\" data-delay=\"100\">\n\t\t<div class=\"vc_column-inner\" ><a class=\"column-link\" target=\"_self\" href=\"\/fr\/security-officers-mall-guards-and-private-individuals-what-can-they-do\/\"><span class=\"screen-reader-text\">Agents de s\u00e9curit\u00e9, gardiens de centres commerciaux et particuliers \u2013 que peuvent-ils faire?<\/span><\/a><div class=\"column-bg-overlay-wrap\" data-bg-animation=\"none\"><div class=\"column-bg-overlay\" style=\"opacity: 1; background-color: #084c61;\"><\/div><\/div>\n\t\t<div class=\"wpb_wrapper\">\n\t\t\t<h2 style=\"font-size: 40px;color: #ffffff;line-height: 1;text-align: left\" class=\"vc_custom_heading\" >Agents de s\u00e9curit\u00e9, gardiens de centres commerciaux et particuliers \u2013 que peuvent-ils faire?<\/h2>\n\t\t<\/div> \n\t<\/div>\n\t<\/div> \n\n\t<div style=\"\" class=\"vc_col-sm-5 wpb_column column_container vc_column_container col child_column has-animation padding-7-percent inherit_tablet inherit_phone\"  data-using-bg=\"true\" data-padding-pos=\"all\" data-has-bg-color=\"true\" data-bg-color=\"#db3a34\" data-bg-opacity=\"1\" data-hover-bg=\"#177e89\" data-hover-bg-opacity=\"1\" data-animation=\"flip-in-vertical\" data-delay=\"0\">\n\t\t<div class=\"vc_column-inner\" ><a class=\"column-link\" target=\"_self\" href=\"\/fr\/search-and-seizure-vs-privacy-rights\/\"><span class=\"screen-reader-text\">Fouille et saisie et Droit \u00e0 la vie priv\u00e9e<\/span><\/a><div class=\"column-bg-overlay-wrap\" data-bg-animation=\"none\"><div class=\"column-bg-overlay\" style=\"opacity: 1; background-color: #db3a34;\"><\/div><\/div>\n\t\t<div class=\"wpb_wrapper\">\n\t\t\t<h2 style=\"font-size: 40px;color: #ffffff;line-height: 1;text-align: left\" class=\"vc_custom_heading\" >Fouille et saisie et Droit \u00e0 la vie priv\u00e9e<\/h2>\n\t\t<\/div> \n\t<\/div>\n\t<\/div> \n<\/div><\/div><div id=\"fws_69e059ca1f5e7\" data-midnight=\"\" data-column-margin=\"default\" class=\"wpb_row vc_row-fluid vc_row inner_row  vc_row-o-equal-height vc_row-flex vc_row-o-content-middle\"  style=\"\"><div class=\"row-bg-wrap\"> <div class=\"row-bg\" ><\/div> <\/div><div class=\"row_col_wrap_12_inner col span_12  left\">\n\t<div style=\" color: #e2e2e2;\" class=\"vc_col-sm-6 wpb_column column_container vc_column_container col child_column has-animation padding-7-percent inherit_tablet inherit_phone\" data-cfc=\"true\" data-using-bg=\"true\" data-bg-cover=\"true\" data-padding-pos=\"all\" data-has-bg-color=\"true\" data-bg-color=\"#323031\" data-bg-opacity=\"0.7\" data-hover-bg=\"#db3a34\" data-hover-bg-opacity=\"1\" data-animation=\"flip-in-vertical\" data-delay=\"100\">\n\t\t<div class=\"vc_column-inner\" ><a class=\"column-link\" target=\"_self\" href=\"\/fr\/what-is-an-arrest-when-can-i-be-arrested\/\"><span class=\"screen-reader-text\">Qu\u2019est-ce qu\u2019une arrestation? Quand puis-je \u00eatre arr\u00eat\u00e9?<\/span><\/a><div class=\"column-image-bg-wrap\" data-bg-pos=\"center center\" data-bg-animation=\"none\"><div class=\"inner-wrap\"><div class=\"column-image-bg\" style=\" background-image: url('https:\/\/policestops-yourrights.ccla.org\/wp-content\/uploads\/2021\/12\/police-steel-handcuffs-lying-on-dark-blue-jeans-ba-2021-08-30-05-45-56-utc.jpg'); \"><\/div><\/div><\/div><div class=\"column-bg-overlay-wrap\" data-bg-animation=\"none\"><div class=\"column-bg-overlay\" style=\"opacity: 0.7; background-color: #323031;\"><\/div><\/div>\n\t\t<div class=\"wpb_wrapper\">\n\t\t\t<h2 style=\"font-size: 40px;color: #ffffff;line-height: 1;text-align: left\" class=\"vc_custom_heading\" >Qu\u2019est-ce qu\u2019une arrestation? Quand puis-je \u00eatre arr\u00eat\u00e9?<\/h2>\n\t\t<\/div> \n\t<\/div>\n\t<\/div> \n\n\t<div style=\"\" class=\"vc_col-sm-6 wpb_column column_container vc_column_container col child_column has-animation padding-7-percent inherit_tablet inherit_phone\"  data-using-bg=\"true\" data-padding-pos=\"all\" data-has-bg-color=\"true\" data-bg-color=\"#084c61\" data-bg-opacity=\"1\" data-hover-bg=\"#db3a34\" data-hover-bg-opacity=\"1\" data-animation=\"flip-in-vertical\" data-delay=\"0\">\n\t\t<div class=\"vc_column-inner\" ><a class=\"column-link\" target=\"_self\" href=\"\/fr\/your-rights-if-detained-or-arrested\/\"><span class=\"screen-reader-text\">Vos droits en cas de d\u00e9tention ou d\u2019arrestation<\/span><\/a><div class=\"column-bg-overlay-wrap\" data-bg-animation=\"none\"><div class=\"column-bg-overlay\" style=\"opacity: 1; background-color: #084c61;\"><\/div><\/div>\n\t\t<div class=\"wpb_wrapper\">\n\t\t\t<h2 style=\"font-size: 40px;color: #ffffff;line-height: 1;text-align: left\" class=\"vc_custom_heading\" >Vos droits en cas de d\u00e9tention ou d\u2019arrestation<\/h2>\n\t\t<\/div> \n\t<\/div>\n\t<\/div> \n<\/div><\/div>\n\t\t\t<\/div> \n\t\t<\/div>\n\t<\/div> \n<\/div><\/div>","protected":false},"excerpt":{"rendered":"My Rights Police stops, detention (being detained) vs. The right to walk away Police stops, detention (being detained) vs. The right to walk away Requests for ID and police questions...","protected":false},"author":1,"featured_media":0,"parent":0,"menu_order":0,"comment_status":"closed","ping_status":"closed","template":"","meta":{"footnotes":""},"wf_page_folders":[6],"class_list":["post-753","page","type-page","status-publish"],"yoast_head":"<!-- This site is optimized with the Yoast SEO plugin v27.4 - https:\/\/yoast.com\/product\/yoast-seo-wordpress\/ -->\n<title>My Rights | Know Your Rights: Racial Profiling &amp; Police Stops<\/title>\n<meta name=\"robots\" content=\"index, follow, max-snippet:-1, max-image-preview:large, max-video-preview:-1\" \/>\n<link rel=\"canonical\" href=\"https:\/\/policestops-yourrights.ccla.org\/fr\/my-rights\/\" \/>\n<meta property=\"og:locale\" content=\"fr_CA\" \/>\n<meta property=\"og:type\" content=\"article\" \/>\n<meta property=\"og:title\" content=\"My Rights | Know Your Rights: Racial Profiling &amp; Police Stops\" \/>\n<meta property=\"og:url\" content=\"https:\/\/policestops-yourrights.ccla.org\/fr\/my-rights\/\" \/>\n<meta property=\"og:site_name\" content=\"Know Your Rights: Racial Profiling &amp; Police Stops\" \/>\n<meta property=\"article:modified_time\" content=\"2021-12-01T18:44:26+00:00\" \/>\n<meta name=\"twitter:card\" content=\"summary_large_image\" \/>\n<meta name=\"twitter:label1\" content=\"Estimation du temps de lecture\" \/>\n\t<meta name=\"twitter:data1\" content=\"3 minutes\" \/>\n<script type=\"application\/ld+json\" class=\"yoast-schema-graph\">{\"@context\":\"https:\\\/\\\/schema.org\",\"@graph\":[{\"@type\":\"WebPage\",\"@id\":\"https:\\\/\\\/policestops-yourrights.ccla.org\\\/my-rights\\\/\",\"url\":\"https:\\\/\\\/policestops-yourrights.ccla.org\\\/my-rights\\\/\",\"name\":\"My Rights | Know Your Rights: Racial Profiling &amp; Police Stops\",\"isPartOf\":{\"@id\":\"https:\\\/\\\/policestops-yourrights.ccla.org\\\/#website\"},\"datePublished\":\"2021-11-25T18:11:00+00:00\",\"dateModified\":\"2021-12-01T18:44:26+00:00\",\"breadcrumb\":{\"@id\":\"https:\\\/\\\/policestops-yourrights.ccla.org\\\/my-rights\\\/#breadcrumb\"},\"inLanguage\":\"fr-CA\",\"potentialAction\":[{\"@type\":\"ReadAction\",\"target\":[\"https:\\\/\\\/policestops-yourrights.ccla.org\\\/my-rights\\\/\"]}]},{\"@type\":\"BreadcrumbList\",\"@id\":\"https:\\\/\\\/policestops-yourrights.ccla.org\\\/my-rights\\\/#breadcrumb\",\"itemListElement\":[{\"@type\":\"ListItem\",\"position\":1,\"name\":\"Home\",\"item\":\"https:\\\/\\\/policestops-yourrights.ccla.org\\\/\"},{\"@type\":\"ListItem\",\"position\":2,\"name\":\"My Rights\"}]},{\"@type\":\"WebSite\",\"@id\":\"https:\\\/\\\/policestops-yourrights.ccla.org\\\/#website\",\"url\":\"https:\\\/\\\/policestops-yourrights.ccla.org\\\/\",\"name\":\"Know Your Rights: Racial Profiling &amp; Police Stops\",\"description\":\"Brought to you by the Canadian Civil Liberties Association\",\"potentialAction\":[{\"@type\":\"SearchAction\",\"target\":{\"@type\":\"EntryPoint\",\"urlTemplate\":\"https:\\\/\\\/policestops-yourrights.ccla.org\\\/?s={search_term_string}\"},\"query-input\":{\"@type\":\"PropertyValueSpecification\",\"valueRequired\":true,\"valueName\":\"search_term_string\"}}],\"inLanguage\":\"fr-CA\"}]}<\/script>\n<!-- \/ Yoast SEO plugin. -->","yoast_head_json":{"title":"My Rights | Know Your Rights: Racial Profiling &amp; Police Stops","robots":{"index":"index","follow":"follow","max-snippet":"max-snippet:-1","max-image-preview":"max-image-preview:large","max-video-preview":"max-video-preview:-1"},"canonical":"https:\/\/policestops-yourrights.ccla.org\/fr\/my-rights\/","og_locale":"fr_CA","og_type":"article","og_title":"My Rights | Know Your Rights: Racial Profiling &amp; Police Stops","og_url":"https:\/\/policestops-yourrights.ccla.org\/fr\/my-rights\/","og_site_name":"Know Your Rights: Racial Profiling &amp; Police Stops","article_modified_time":"2021-12-01T18:44:26+00:00","twitter_card":"summary_large_image","twitter_misc":{"Estimation du temps de lecture":"3 minutes"},"schema":{"@context":"https:\/\/schema.org","@graph":[{"@type":"WebPage","@id":"https:\/\/policestops-yourrights.ccla.org\/my-rights\/","url":"https:\/\/policestops-yourrights.ccla.org\/my-rights\/","name":"My Rights | Know Your Rights: Racial Profiling &amp; Police Stops","isPartOf":{"@id":"https:\/\/policestops-yourrights.ccla.org\/#website"},"datePublished":"2021-11-25T18:11:00+00:00","dateModified":"2021-12-01T18:44:26+00:00","breadcrumb":{"@id":"https:\/\/policestops-yourrights.ccla.org\/my-rights\/#breadcrumb"},"inLanguage":"fr-CA","potentialAction":[{"@type":"ReadAction","target":["https:\/\/policestops-yourrights.ccla.org\/my-rights\/"]}]},{"@type":"BreadcrumbList","@id":"https:\/\/policestops-yourrights.ccla.org\/my-rights\/#breadcrumb","itemListElement":[{"@type":"ListItem","position":1,"name":"Home","item":"https:\/\/policestops-yourrights.ccla.org\/"},{"@type":"ListItem","position":2,"name":"My Rights"}]},{"@type":"WebSite","@id":"https:\/\/policestops-yourrights.ccla.org\/#website","url":"https:\/\/policestops-yourrights.ccla.org\/","name":"Know Your Rights: Racial Profiling &amp; Police Stops","description":"Brought to you by the Canadian Civil Liberties Association","potentialAction":[{"@type":"SearchAction","target":{"@type":"EntryPoint","urlTemplate":"https:\/\/policestops-yourrights.ccla.org\/?s={search_term_string}"},"query-input":{"@type":"PropertyValueSpecification","valueRequired":true,"valueName":"search_term_string"}}],"inLanguage":"fr-CA"}]}},"_links":{"self":[{"href":"https:\/\/policestops-yourrights.ccla.org\/fr\/wp-json\/wp\/v2\/pages\/753","targetHints":{"allow":["GET"]}}],"collection":[{"href":"https:\/\/policestops-yourrights.ccla.org\/fr\/wp-json\/wp\/v2\/pages"}],"about":[{"href":"https:\/\/policestops-yourrights.ccla.org\/fr\/wp-json\/wp\/v2\/types\/page"}],"author":[{"embeddable":true,"href":"https:\/\/policestops-yourrights.ccla.org\/fr\/wp-json\/wp\/v2\/users\/1"}],"replies":[{"embeddable":true,"href":"https:\/\/policestops-yourrights.ccla.org\/fr\/wp-json\/wp\/v2\/comments?post=753"}],"version-history":[{"count":25,"href":"https:\/\/policestops-yourrights.ccla.org\/fr\/wp-json\/wp\/v2\/pages\/753\/revisions"}],"predecessor-version":[{"id":1217,"href":"https:\/\/policestops-yourrights.ccla.org\/fr\/wp-json\/wp\/v2\/pages\/753\/revisions\/1217"}],"wp:attachment":[{"href":"https:\/\/policestops-yourrights.ccla.org\/fr\/wp-json\/wp\/v2\/media?parent=753"}],"wp:term":[{"taxonomy":"wf_page_folders","embeddable":true,"href":"https:\/\/policestops-yourrights.ccla.org\/fr\/wp-json\/wp\/v2\/wf_page_folders?post=753"}],"curies":[{"name":"wp","href":"https:\/\/api.w.org\/{rel}","templated":true}]}}