{"id":540,"date":"2021-11-24T10:13:37","date_gmt":"2021-11-24T15:13:37","guid":{"rendered":"https:\/\/policestops-yourrights.ccla.org\/?page_id=540"},"modified":"2021-12-10T12:41:58","modified_gmt":"2021-12-10T17:41:58","slug":"if-the-law-does-not-require-me-to-give-my-name-and-id-what-are-my-options","status":"publish","type":"page","link":"https:\/\/policestops-yourrights.ccla.org\/fr\/if-the-law-does-not-require-me-to-give-my-name-and-id-what-are-my-options\/","title":{"rendered":"Si la loi n\u2019exige pas que je donne mon nom et ma carte d\u2019identit\u00e9, quelles sont mes options?"},"content":{"rendered":"<div id=\"fws_69f227eaddd21\"  data-column-margin=\"default\" data-midnight=\"dark\"  class=\"wpb_row vc_row-fluid vc_row\"  style=\"padding-top: 0px; padding-bottom: 0px; \"><div class=\"row-bg-wrap\" data-bg-animation=\"none\" data-bg-overlay=\"false\"><div class=\"inner-wrap\"><div class=\"row-bg\"  style=\"\"><\/div><\/div><\/div><div class=\"row_col_wrap_12 col span_12 dark left\">\n\t<div  class=\"vc_col-sm-12 wpb_column column_container vc_column_container col no-extra-padding inherit_tablet inherit_phone\"  data-padding-pos=\"all\" data-has-bg-color=\"false\" data-bg-color=\"\" data-bg-opacity=\"1\" data-animation=\"\" data-delay=\"0\" >\n\t\t<div class=\"vc_column-inner\" >\n\t\t\t<div class=\"wpb_wrapper\">\n\t\t\t\t\r\n\t\t<div id=\"fws_69f227eade6cb\"  data-column-margin=\"default\" data-midnight=\"dark\" data-top-percent=\"6%\" data-bottom-percent=\"8%\"  class=\"wpb_row vc_row-fluid vc_row full-width-section\"  style=\"padding-top: calc(100vw * 0.06); padding-bottom: calc(100vw * 0.08); \"><div class=\"row-bg-wrap\" data-bg-animation=\"none\" data-bg-overlay=\"true\"><div class=\"inner-wrap using-image\"><div class=\"row-bg using-image using-bg-color\"  style=\"background-image: url(https:\/\/policestops-yourrights.ccla.org\/wp-content\/uploads\/2021\/12\/justice-mallet-and-applicant-or-fingerprints-card-2021-08-29-15-05-09-utc.jpg); background-position: center top; background-repeat: no-repeat; background-color: #000000; \"><\/div><\/div><div class=\"row-bg-overlay\" style=\"background-color:#084c61;  opacity: 0.8; \"><\/div><\/div><div class=\"nectar-shape-divider-wrap\" style=\" height:80px;\"  data-height=\"80\" data-front=\"true\" data-style=\"fan\" data-position=\"bottom\" ><svg class=\"nectar-shape-divider\" aria-hidden=\"true\" fill=\"#ffffff\" xmlns=\"http:\/\/www.w3.org\/2000\/svg\" viewbox=\"0 0 1003.92 91\" preserveaspectratio=\"none\"> <polygon class=\"cls-1\" points=\"502.46 46.31 1 85.67 1 91.89 1002.91 91.89 1002.91 85.78 502.46 46.31\"\/><polygon class=\"cls-2\" points=\"502.46 45.8 1 0 1 91.38 1002.91 91.38 1002.91 0.1 502.46 45.8\"\/><rect class=\"cls-3\" y=\"45.81\" width=\"1003.92\" height=\"46.09\"\/>\r\n            <\/svg><\/div><div class=\"row_col_wrap_12 col span_12 dark left\">\n\t<div  class=\"vc_col-sm-12 wpb_column column_container vc_column_container col no-extra-padding inherit_tablet inherit_phone\"  data-padding-pos=\"all\" data-has-bg-color=\"false\" data-bg-color=\"\" data-bg-opacity=\"1\" data-animation=\"\" data-delay=\"0\" >\n\t\t<div class=\"vc_column-inner\" >\n\t\t\t<div class=\"wpb_wrapper\">\n\t\t\t\t<div class=\"nectar-highlighted-text font_size_11vh\" data-style=\"text_outline\" data-outline-thickness=\"regular\" data-user-color=\"true\" style=\"color: #ffffff;\" data-using-custom-color=\"false\" data-animation-delay=\"false\" data-color=\"\" data-color-gradient=\"\">\r\n<h1 style=\"line-height: .9em;\"><em>Mes droits<\/em><\/h1>\r\n<\/div><h2 style=\"font-size: 38px;color: #ffffff;line-height: 1;text-align: left\" class=\"vc_custom_heading vc_custom_1637868055801\" >Demandes d\u2019identification et questions de la police et Droit de garder le silence<\/h2>\n\t\t\t<\/div> \n\t\t<\/div>\n\t<\/div> \n<\/div><\/div><style type=\"text\/css\" data-type=\"vc_shortcodes-custom-css\">.vc_custom_1637868055801{margin-top: -10px !important;}<\/style>\n\t\t\t<\/div> \n\t\t<\/div>\n\t<\/div> \n<\/div><\/div>\r\n\t\t<div id=\"break-law\"  data-column-margin=\"40px\" data-midnight=\"dark\" data-top-percent=\"4%\" data-bottom-percent=\"4%\"  class=\"wpb_row vc_row-fluid vc_row full-width-section\"  style=\"padding-top: calc(100vw * 0.04); padding-bottom: calc(100vw * 0.04); \"><div class=\"row-bg-wrap\" data-bg-animation=\"none\" data-bg-overlay=\"false\"><div class=\"inner-wrap\"><div class=\"row-bg\"  style=\"\"><\/div><\/div><\/div><div class=\"row_col_wrap_12 col span_12 dark left\">\n\t<div  class=\"vc_col-sm-8 wpb_column column_container vc_column_container col no-extra-padding inherit_tablet inherit_phone\"  data-padding-pos=\"all\" data-has-bg-color=\"false\" data-bg-color=\"\" data-bg-opacity=\"1\" data-animation=\"\" data-delay=\"0\" >\n\t\t<div class=\"vc_column-inner\" >\n\t\t\t<div class=\"wpb_wrapper\">\n\t\t\t\t<h3 style=\"color: #db3a34;text-align: left\" class=\"vc_custom_heading\" >Si la loi n\u2019exige pas que je donne mon nom et ma carte d\u2019identit\u00e9, quelles sont mes options?<\/h3><div class=\"divider-wrap\" data-alignment=\"default\"><div style=\"height: 20px;\" class=\"divider\"><\/div><\/div><div class=\"nectar-highlighted-text\" data-style=\"full_text\" data-exp=\"default\" data-user-color=\"true\" style=\"color: #084c61;\" data-using-custom-color=\"false\" data-animation-delay=\"false\" data-color=\"\" data-color-gradient=\"\">\n<h4>Si la loi ne vous oblige pas \u00e0 donner votre nom et votre identit\u00e9, la d\u00e9cision de les donner ou non, ou de r\u00e9pondre aux questions, n\u2019est plus une question juridique. C\u2019est une question de s\u00e9curit\u00e9 et de discernement.<\/h4>\n<\/div><div class=\"iwithtext\"><div class=\"iwt-icon\"> <i class=\"icon-default-style fa fa-check-square-o accent-color\"><\/i> <\/div><div class=\"iwt-text\"> L\u00e9galement, vous avez le droit au silence, \u00e0 la vie priv\u00e9e, \u00e0 ne pas \u00eatre interpell\u00e9, \u00e0 ne pas voir votre identit\u00e9 ou des informations vous concernant collect\u00e9es sans motif valable. <\/div><div class=\"clear\"><\/div><\/div><div class=\"iwithtext\"><div class=\"iwt-icon\"> <i class=\"icon-default-style fa fa-check-square-o accent-color\"><\/i> <\/div><div class=\"iwt-text\"> De nombreux avocats de la d\u00e9fense recommandent de fournir votre nom, votre adresse et votre date de naissance; et la plupart recommandent de ne pas r\u00e9pondre \u00e0 d\u2019autres questions sans la pr\u00e9sence d\u2019un avocat. <\/div><div class=\"clear\"><\/div><\/div><div class=\"iwithtext\"><div class=\"iwt-icon\"> <i class=\"icon-default-style fa fa-check-square-o accent-color\"><\/i> <\/div><div class=\"iwt-text\"> Mais de nombreux parents et amis vous recommanderont de r\u00e9pondre aux questions de base si vous pouvez le faire franchement, afin de pouvoir rentrer chez vous rapidement et en toute s\u00e9curit\u00e9. <\/div><div class=\"clear\"><\/div><\/div><div class=\"iwithtext\"><div class=\"iwt-icon\"> <i class=\"icon-default-style fa fa-check-square-o accent-color\"><\/i> <\/div><div class=\"iwt-text\"> Si vous choisissez de ne pas r\u00e9pondre, vous pouvez poliment r\u00e9pondre aux questions en disant \u00ab\u202fJe ne veux r\u00e9pondre \u00e0 aucune question avant d\u2019avoir parl\u00e9 \u00e0 un avocat\u202f\u00bb et garder le silence. <\/div><div class=\"clear\"><\/div><\/div><div class=\"iwithtext\"><div class=\"iwt-icon\"> <i class=\"icon-default-style fa fa-check-square-o accent-color\"><\/i> <\/div><div class=\"iwt-text\"> Il est ill\u00e9gal de mentir ou de donner des informations fausses ou trompeuses \u00e0 la police. <\/div><div class=\"clear\"><\/div><\/div><div class=\"iwithtext\"><div class=\"iwt-icon\"> <i class=\"icon-default-style fa fa-check-square-o accent-color\"><\/i> <\/div><div class=\"iwt-text\"> Il est fortement recommand\u00e9 de ne pas prendre de d\u00e9cisions juridiques sans l\u2019aide d\u2019un avocat. <\/div><div class=\"clear\"><\/div><\/div><div class=\"iwithtext\"><div class=\"iwt-icon\"> <i class=\"icon-default-style fa fa-check-square-o accent-color\"><\/i> <\/div><div class=\"iwt-text\"> Tout ce que vous dites peut \u00eatre utilis\u00e9 contre vous. Gardez \u00e0 l\u2019esprit que, dans la plupart des cas, <a href=\"https:\/\/policestops-yourrights.ccla.org\/fr\/can-police-lie\/\">la police est autoris\u00e9e \u00e0 mentir<\/a>, \u00e0 vous poser des questions sur une chose, mais qui portent en r\u00e9alit\u00e9 sur une autre, \u00e0 vous induire en erreur sur la raison de la conversation ou votre type de conversation avec elle.\u00a0 <\/div><div class=\"clear\"><\/div><\/div><div class=\"iwithtext\"><div class=\"iwt-icon\"> <i class=\"icon-default-style fa fa-check-square-o accent-color\"><\/i> <\/div><div class=\"iwt-text\"> Le fait de choisir de ne pas parler<strong> ne peut pas<\/strong> \u00eatre utilis\u00e9 contre vous au tribunal.\u00a0 <\/div><div class=\"clear\"><\/div><\/div>\n\t\t\t<\/div> \n\t\t<\/div>\n\t<\/div> \n\n\t<div  class=\"vc_col-sm-4 wpb_column column_container vc_column_container col no-extra-padding inherit_tablet inherit_phone\"  data-padding-pos=\"all\" data-has-bg-color=\"false\" data-bg-color=\"\" data-bg-opacity=\"1\" data-animation=\"\" data-delay=\"0\" >\n\t\t<div class=\"vc_column-inner\" >\n\t\t\t<div class=\"wpb_wrapper\">\n\t\t\t\t\r\n\t\t<div id=\"fws_69f227eadfbd1\"  data-column-margin=\"default\" data-midnight=\"dark\"  class=\"wpb_row vc_row-fluid vc_row\"  style=\"padding-top: 0px; padding-bottom: 0px; \"><div class=\"row-bg-wrap\" data-bg-animation=\"none\" data-bg-overlay=\"false\"><div class=\"inner-wrap\"><div class=\"row-bg\"  style=\"\"><\/div><\/div><\/div><div class=\"row_col_wrap_12 col span_12 dark left\">\n\t<div  class=\"vc_col-sm-12 wpb_column column_container vc_column_container col padding-4-percent inherit_tablet inherit_phone\"  data-padding-pos=\"all\" data-has-bg-color=\"false\" data-bg-color=\"\" data-bg-opacity=\"0.2\" data-animation=\"\" data-delay=\"0\" >\n\t\t<div class=\"vc_column-inner\" >\n\t\t\t<div class=\"wpb_wrapper\">\n\t\t\t\t<div id=\"fws_69f227eae0057\" data-midnight=\"\" data-column-margin=\"default\" class=\"wpb_row vc_row-fluid vc_row inner_row\"  style=\"\"><div class=\"row-bg-wrap\"> <div class=\"row-bg\" ><\/div> <\/div><div class=\"row_col_wrap_12_inner col span_12  left\">\n\t<div style=\"\" class=\"vc_col-sm-12 wpb_column column_container vc_column_container col child_column padding-3-percent inherit_tablet inherit_phone\"  data-using-bg=\"true\" data-border-animation=\"\" data-border-animation-delay=\"\" data-border-width=\"1px\" data-border-style=\"solid\" data-border-color=\"#084c61\" data-padding-pos=\"all\" data-has-bg-color=\"true\" data-bg-color=\"#ffffff\" data-bg-opacity=\"1\" data-hover-bg=\"#084c61\" data-hover-bg-opacity=\"0.2\" data-animation=\"\" data-delay=\"0\">\n\t\t<div class=\"vc_column-inner\" style=\"border: 1px solid rgba(255,255,255,0); \"><a class=\"column-link\" target=\"_self\" href=\"\/fr\/do-i-have-to-give-my-id-or-name-to-the-police-do-i-have-to-answer-questions\/\"><span class=\"screen-reader-text\">Dois-je donner ma carte d\u2019identit\u00e9 ou mon nom \u00e0 la police? Dois-je r\u00e9pondre aux questions?<\/span><\/a><span class=\"border-wrap\" style=\"border-color: #084c61;\"><span class=\"border-top\"><\/span><span class=\"border-right\"><\/span><span class=\"border-bottom\"><\/span><span class=\"border-left\"><\/span><\/span><div class=\"column-bg-overlay-wrap\" data-bg-animation=\"none\"><div class=\"column-bg-overlay\" style=\"opacity: 1; background-color: #ffffff;\"><\/div><\/div>\n\t\t<div class=\"wpb_wrapper\">\n\t\t\t<h6 style=\"color: #084c61;text-align: left\" class=\"vc_custom_heading vc_custom_1637946809066\" >Dois-je donner ma carte d\u2019identit\u00e9 ou mon nom \u00e0 la police? Dois-je r\u00e9pondre aux questions?<\/h6>\n\t\t<\/div> \n\t<\/div>\n\t<\/div> \n<\/div><\/div><div id=\"fws_69f227eae0682\" data-midnight=\"\" data-column-margin=\"default\" class=\"wpb_row vc_row-fluid vc_row inner_row\"  style=\"\"><div class=\"row-bg-wrap\"> <div class=\"row-bg\" ><\/div> <\/div><div class=\"row_col_wrap_12_inner col span_12  left\">\n\t<div style=\"\" class=\"vc_col-sm-12 wpb_column column_container vc_column_container col child_column padding-3-percent inherit_tablet inherit_phone\"  data-using-bg=\"true\" data-border-animation=\"\" data-border-animation-delay=\"\" data-border-width=\"1px\" data-border-style=\"solid\" data-border-color=\"#084c61\" data-padding-pos=\"all\" data-has-bg-color=\"true\" data-bg-color=\"#ffffff\" data-bg-opacity=\"1\" data-hover-bg=\"#084c61\" data-hover-bg-opacity=\"0.2\" data-animation=\"\" data-delay=\"0\">\n\t\t<div class=\"vc_column-inner\" style=\"border: 1px solid rgba(255,255,255,0); \"><a class=\"column-link\" target=\"_self\" href=\"\/fr\/if-the-law-does-not-require-me-to-give-my-name-and-id-what-are-my-options\/\"><span class=\"screen-reader-text\">Si la loi n\u2019exige pas que je donne mon nom et ma carte d\u2019identit\u00e9, quelles sont mes options?<\/span><\/a><span class=\"border-wrap\" style=\"border-color: #084c61;\"><span class=\"border-top\"><\/span><span class=\"border-right\"><\/span><span class=\"border-bottom\"><\/span><span class=\"border-left\"><\/span><\/span><div class=\"column-bg-overlay-wrap\" data-bg-animation=\"none\"><div class=\"column-bg-overlay\" style=\"opacity: 1; background-color: #ffffff;\"><\/div><\/div>\n\t\t<div class=\"wpb_wrapper\">\n\t\t\t<h6 style=\"color: #084c61;text-align: left\" class=\"vc_custom_heading vc_custom_1637946842362\" >Si la loi n\u2019exige pas que je donne mon nom et ma carte d\u2019identit\u00e9, quelles sont mes options?<\/h6>\n\t\t<\/div> \n\t<\/div>\n\t<\/div> \n<\/div><\/div><div id=\"fws_69f227eae0bfe\" data-midnight=\"\" data-column-margin=\"default\" class=\"wpb_row vc_row-fluid vc_row inner_row\"  style=\"\"><div class=\"row-bg-wrap\"> <div class=\"row-bg\" ><\/div> <\/div><div class=\"row_col_wrap_12_inner col span_12  left\">\n\t<div style=\"\" class=\"vc_col-sm-12 wpb_column column_container vc_column_container col child_column padding-3-percent inherit_tablet inherit_phone\"  data-using-bg=\"true\" data-border-animation=\"\" data-border-animation-delay=\"\" data-border-width=\"1px\" data-border-style=\"solid\" data-border-color=\"#084c61\" data-padding-pos=\"all\" data-has-bg-color=\"true\" data-bg-color=\"#ffffff\" data-bg-opacity=\"1\" data-hover-bg=\"#084c61\" data-hover-bg-opacity=\"0.2\" data-animation=\"\" data-delay=\"0\">\n\t\t<div class=\"vc_column-inner\" style=\"border: 1px solid rgba(255,255,255,0); \"><a class=\"column-link\" target=\"_self\" href=\"\/fr\/can-i-lie-to-the-police\/\"><span class=\"screen-reader-text\">Puis-je mentir \u00e0 la police?<\/span><\/a><span class=\"border-wrap\" style=\"border-color: #084c61;\"><span class=\"border-top\"><\/span><span class=\"border-right\"><\/span><span class=\"border-bottom\"><\/span><span class=\"border-left\"><\/span><\/span><div class=\"column-bg-overlay-wrap\" data-bg-animation=\"none\"><div class=\"column-bg-overlay\" style=\"opacity: 1; background-color: #ffffff;\"><\/div><\/div>\n\t\t<div class=\"wpb_wrapper\">\n\t\t\t<h6 style=\"color: #084c61;text-align: left\" class=\"vc_custom_heading vc_custom_1637946866930\" >Puis-je mentir \u00e0 la police?<\/h6>\n\t\t<\/div> \n\t<\/div>\n\t<\/div> \n<\/div><\/div>\n\t\t\t<\/div> \n\t\t<\/div>\n\t<\/div> \n<\/div><\/div><style type=\"text\/css\" data-type=\"vc_shortcodes-custom-css\">.vc_custom_1637946809066{margin-bottom: -5px !important;}.vc_custom_1637946842362{margin-bottom: -5px !important;}.vc_custom_1637946866930{margin-bottom: -5px !important;}<\/style>\n\t\t\t<\/div> \n\t\t<\/div>\n\t<\/div> \n<\/div><\/div>","protected":false},"excerpt":{"rendered":"My Rights Requests for ID and police questions vs. The right to remain silent If the law does not require me to give my name and ID \u2013 what are...","protected":false},"author":1,"featured_media":0,"parent":0,"menu_order":0,"comment_status":"closed","ping_status":"closed","template":"","meta":{"footnotes":""},"wf_page_folders":[10],"class_list":["post-540","page","type-page","status-publish"],"yoast_head":"<!-- This site is optimized with the Yoast SEO plugin v27.5 - https:\/\/yoast.com\/product\/yoast-seo-wordpress\/ -->\n<title>If the law does not require me to give my name and ID \u2013 what are my options? | Know Your Rights: Racial Profiling &amp; Police Stops<\/title>\n<meta name=\"robots\" content=\"index, follow, max-snippet:-1, max-image-preview:large, max-video-preview:-1\" \/>\n<link rel=\"canonical\" href=\"https:\/\/policestops-yourrights.ccla.org\/fr\/if-the-law-does-not-require-me-to-give-my-name-and-id-what-are-my-options\/\" \/>\n<meta property=\"og:locale\" content=\"fr_CA\" \/>\n<meta property=\"og:type\" content=\"article\" \/>\n<meta property=\"og:title\" content=\"If the law does not require me to give my name and ID \u2013 what are my options? | Know Your Rights: Racial Profiling &amp; Police Stops\" \/>\n<meta property=\"og:url\" content=\"https:\/\/policestops-yourrights.ccla.org\/fr\/if-the-law-does-not-require-me-to-give-my-name-and-id-what-are-my-options\/\" \/>\n<meta property=\"og:site_name\" content=\"Know Your Rights: Racial Profiling &amp; Police Stops\" \/>\n<meta property=\"article:modified_time\" content=\"2021-12-10T17:41:58+00:00\" \/>\n<meta name=\"twitter:card\" content=\"summary_large_image\" \/>\n<meta name=\"twitter:label1\" content=\"Estimation du temps de lecture\" \/>\n\t<meta name=\"twitter:data1\" content=\"2 minutes\" \/>\n<script type=\"application\/ld+json\" class=\"yoast-schema-graph\">{\"@context\":\"https:\\\/\\\/schema.org\",\"@graph\":[{\"@type\":\"WebPage\",\"@id\":\"https:\\\/\\\/policestops-yourrights.ccla.org\\\/if-the-law-does-not-require-me-to-give-my-name-and-id-what-are-my-options\\\/\",\"url\":\"https:\\\/\\\/policestops-yourrights.ccla.org\\\/if-the-law-does-not-require-me-to-give-my-name-and-id-what-are-my-options\\\/\",\"name\":\"If the law does not require me to give my name and ID \u2013 what are my options? | Know Your Rights: Racial Profiling &amp; Police Stops\",\"isPartOf\":{\"@id\":\"https:\\\/\\\/policestops-yourrights.ccla.org\\\/#website\"},\"datePublished\":\"2021-11-24T15:13:37+00:00\",\"dateModified\":\"2021-12-10T17:41:58+00:00\",\"breadcrumb\":{\"@id\":\"https:\\\/\\\/policestops-yourrights.ccla.org\\\/if-the-law-does-not-require-me-to-give-my-name-and-id-what-are-my-options\\\/#breadcrumb\"},\"inLanguage\":\"fr-CA\",\"potentialAction\":[{\"@type\":\"ReadAction\",\"target\":[\"https:\\\/\\\/policestops-yourrights.ccla.org\\\/if-the-law-does-not-require-me-to-give-my-name-and-id-what-are-my-options\\\/\"]}]},{\"@type\":\"BreadcrumbList\",\"@id\":\"https:\\\/\\\/policestops-yourrights.ccla.org\\\/if-the-law-does-not-require-me-to-give-my-name-and-id-what-are-my-options\\\/#breadcrumb\",\"itemListElement\":[{\"@type\":\"ListItem\",\"position\":1,\"name\":\"Home\",\"item\":\"https:\\\/\\\/policestops-yourrights.ccla.org\\\/\"},{\"@type\":\"ListItem\",\"position\":2,\"name\":\"If the law does not require me to give my name and ID \u2013 what are my options?\"}]},{\"@type\":\"WebSite\",\"@id\":\"https:\\\/\\\/policestops-yourrights.ccla.org\\\/#website\",\"url\":\"https:\\\/\\\/policestops-yourrights.ccla.org\\\/\",\"name\":\"Know Your Rights: Racial Profiling &amp; Police Stops\",\"description\":\"Brought to you by the Canadian Civil Liberties Association\",\"potentialAction\":[{\"@type\":\"SearchAction\",\"target\":{\"@type\":\"EntryPoint\",\"urlTemplate\":\"https:\\\/\\\/policestops-yourrights.ccla.org\\\/?s={search_term_string}\"},\"query-input\":{\"@type\":\"PropertyValueSpecification\",\"valueRequired\":true,\"valueName\":\"search_term_string\"}}],\"inLanguage\":\"fr-CA\"}]}<\/script>\n<!-- \/ Yoast SEO plugin. -->","yoast_head_json":{"title":"If the law does not require me to give my name and ID \u2013 what are my options? | Know Your Rights: Racial Profiling &amp; Police Stops","robots":{"index":"index","follow":"follow","max-snippet":"max-snippet:-1","max-image-preview":"max-image-preview:large","max-video-preview":"max-video-preview:-1"},"canonical":"https:\/\/policestops-yourrights.ccla.org\/fr\/if-the-law-does-not-require-me-to-give-my-name-and-id-what-are-my-options\/","og_locale":"fr_CA","og_type":"article","og_title":"If the law does not require me to give my name and ID \u2013 what are my options? | Know Your Rights: Racial Profiling &amp; Police Stops","og_url":"https:\/\/policestops-yourrights.ccla.org\/fr\/if-the-law-does-not-require-me-to-give-my-name-and-id-what-are-my-options\/","og_site_name":"Know Your Rights: Racial Profiling &amp; Police Stops","article_modified_time":"2021-12-10T17:41:58+00:00","twitter_card":"summary_large_image","twitter_misc":{"Estimation du temps de lecture":"2 minutes"},"schema":{"@context":"https:\/\/schema.org","@graph":[{"@type":"WebPage","@id":"https:\/\/policestops-yourrights.ccla.org\/if-the-law-does-not-require-me-to-give-my-name-and-id-what-are-my-options\/","url":"https:\/\/policestops-yourrights.ccla.org\/if-the-law-does-not-require-me-to-give-my-name-and-id-what-are-my-options\/","name":"If the law does not require me to give my name and ID \u2013 what are my options? | Know Your Rights: Racial Profiling &amp; Police Stops","isPartOf":{"@id":"https:\/\/policestops-yourrights.ccla.org\/#website"},"datePublished":"2021-11-24T15:13:37+00:00","dateModified":"2021-12-10T17:41:58+00:00","breadcrumb":{"@id":"https:\/\/policestops-yourrights.ccla.org\/if-the-law-does-not-require-me-to-give-my-name-and-id-what-are-my-options\/#breadcrumb"},"inLanguage":"fr-CA","potentialAction":[{"@type":"ReadAction","target":["https:\/\/policestops-yourrights.ccla.org\/if-the-law-does-not-require-me-to-give-my-name-and-id-what-are-my-options\/"]}]},{"@type":"BreadcrumbList","@id":"https:\/\/policestops-yourrights.ccla.org\/if-the-law-does-not-require-me-to-give-my-name-and-id-what-are-my-options\/#breadcrumb","itemListElement":[{"@type":"ListItem","position":1,"name":"Home","item":"https:\/\/policestops-yourrights.ccla.org\/"},{"@type":"ListItem","position":2,"name":"If the law does not require me to give my name and ID \u2013 what are my options?"}]},{"@type":"WebSite","@id":"https:\/\/policestops-yourrights.ccla.org\/#website","url":"https:\/\/policestops-yourrights.ccla.org\/","name":"Know Your Rights: Racial Profiling &amp; Police Stops","description":"Brought to you by the Canadian Civil Liberties Association","potentialAction":[{"@type":"SearchAction","target":{"@type":"EntryPoint","urlTemplate":"https:\/\/policestops-yourrights.ccla.org\/?s={search_term_string}"},"query-input":{"@type":"PropertyValueSpecification","valueRequired":true,"valueName":"search_term_string"}}],"inLanguage":"fr-CA"}]}},"_links":{"self":[{"href":"https:\/\/policestops-yourrights.ccla.org\/fr\/wp-json\/wp\/v2\/pages\/540","targetHints":{"allow":["GET"]}}],"collection":[{"href":"https:\/\/policestops-yourrights.ccla.org\/fr\/wp-json\/wp\/v2\/pages"}],"about":[{"href":"https:\/\/policestops-yourrights.ccla.org\/fr\/wp-json\/wp\/v2\/types\/page"}],"author":[{"embeddable":true,"href":"https:\/\/policestops-yourrights.ccla.org\/fr\/wp-json\/wp\/v2\/users\/1"}],"replies":[{"embeddable":true,"href":"https:\/\/policestops-yourrights.ccla.org\/fr\/wp-json\/wp\/v2\/comments?post=540"}],"version-history":[{"count":12,"href":"https:\/\/policestops-yourrights.ccla.org\/fr\/wp-json\/wp\/v2\/pages\/540\/revisions"}],"predecessor-version":[{"id":1319,"href":"https:\/\/policestops-yourrights.ccla.org\/fr\/wp-json\/wp\/v2\/pages\/540\/revisions\/1319"}],"wp:attachment":[{"href":"https:\/\/policestops-yourrights.ccla.org\/fr\/wp-json\/wp\/v2\/media?parent=540"}],"wp:term":[{"taxonomy":"wf_page_folders","embeddable":true,"href":"https:\/\/policestops-yourrights.ccla.org\/fr\/wp-json\/wp\/v2\/wf_page_folders?post=540"}],"curies":[{"name":"wp","href":"https:\/\/api.w.org\/{rel}","templated":true}]}}