{"id":452,"date":"2021-11-23T13:25:50","date_gmt":"2021-11-23T18:25:50","guid":{"rendered":"https:\/\/policestops-yourrights.ccla.org\/?page_id=452"},"modified":"2021-12-10T12:43:32","modified_gmt":"2021-12-10T17:43:32","slug":"what-rights-do-i-have-in-police-stops-and-interactions","status":"publish","type":"page","link":"https:\/\/policestops-yourrights.ccla.org\/fr\/what-rights-do-i-have-in-police-stops-and-interactions\/","title":{"rendered":"Quels sont mes droits lors des interpellations et des interactions avec la police?"},"content":{"rendered":"<div id=\"fws_69f21cfb99bf3\"  data-column-margin=\"default\" data-midnight=\"dark\"  class=\"wpb_row vc_row-fluid vc_row\"  style=\"padding-top: 0px; padding-bottom: 0px; \"><div class=\"row-bg-wrap\" data-bg-animation=\"none\" data-bg-overlay=\"false\"><div class=\"inner-wrap\"><div class=\"row-bg\"  style=\"\"><\/div><\/div><\/div><div class=\"row_col_wrap_12 col span_12 dark left\">\n\t<div  class=\"vc_col-sm-12 wpb_column column_container vc_column_container col no-extra-padding inherit_tablet inherit_phone\"  data-padding-pos=\"all\" data-has-bg-color=\"false\" data-bg-color=\"\" data-bg-opacity=\"1\" data-animation=\"\" data-delay=\"0\" >\n\t\t<div class=\"vc_column-inner\" >\n\t\t\t<div class=\"wpb_wrapper\">\n\t\t\t\t\r\n\t\t<div id=\"fws_69f21cfb9a802\"  data-column-margin=\"default\" data-midnight=\"dark\" data-top-percent=\"6%\" data-bottom-percent=\"6%\"  class=\"wpb_row vc_row-fluid vc_row full-width-section\"  style=\"padding-top: calc(100vw * 0.06); padding-bottom: calc(100vw * 0.06); \"><div class=\"row-bg-wrap\" data-bg-animation=\"none\" data-bg-overlay=\"true\"><div class=\"inner-wrap using-image\"><div class=\"row-bg using-image using-bg-color\"  style=\"background-image: url(https:\/\/policestops-yourrights.ccla.org\/wp-content\/uploads\/2021\/12\/justice-mallet-and-applicant-or-fingerprints-card-2021-08-29-15-05-09-utc.jpg); background-position: center top; background-repeat: no-repeat; background-color: #000000; \"><\/div><\/div><div class=\"row-bg-overlay\" style=\"background-color:#084c61;  opacity: 0.8; \"><\/div><\/div><div class=\"nectar-shape-divider-wrap\" style=\" height:80px;\"  data-height=\"80\" data-front=\"true\" data-style=\"fan\" data-position=\"bottom\" ><svg class=\"nectar-shape-divider\" aria-hidden=\"true\" fill=\"#ffffff\" xmlns=\"http:\/\/www.w3.org\/2000\/svg\" viewbox=\"0 0 1003.92 91\" preserveaspectratio=\"none\"> <polygon class=\"cls-1\" points=\"502.46 46.31 1 85.67 1 91.89 1002.91 91.89 1002.91 85.78 502.46 46.31\"\/><polygon class=\"cls-2\" points=\"502.46 45.8 1 0 1 91.38 1002.91 91.38 1002.91 0.1 502.46 45.8\"\/><rect class=\"cls-3\" y=\"45.81\" width=\"1003.92\" height=\"46.09\"\/>\r\n            <\/svg><\/div><div class=\"row_col_wrap_12 col span_12 dark left\">\n\t<div  class=\"vc_col-sm-12 wpb_column column_container vc_column_container col no-extra-padding inherit_tablet inherit_phone\"  data-padding-pos=\"all\" data-has-bg-color=\"false\" data-bg-color=\"\" data-bg-opacity=\"1\" data-animation=\"\" data-delay=\"0\" >\n\t\t<div class=\"vc_column-inner\" >\n\t\t\t<div class=\"wpb_wrapper\">\n\t\t\t\t<div class=\"nectar-highlighted-text font_size_11vh\" data-style=\"text_outline\" data-outline-thickness=\"regular\" data-user-color=\"true\" style=\"color: #ffffff;\" data-using-custom-color=\"false\" data-animation-delay=\"false\" data-color=\"\" data-color-gradient=\"\">\r\n<h1 style=\"line-height: .9em;\"><em>Mes droits<\/em><\/h1>\r\n<\/div>\n\t\t\t<\/div> \n\t\t<\/div>\n\t<\/div> \n<\/div><\/div>\n\t\t\t<\/div> \n\t\t<\/div>\n\t<\/div> \n<\/div><\/div>\r\n\t\t<div id=\"break-law\"  data-column-margin=\"40px\" data-midnight=\"dark\" data-top-percent=\"4%\" data-bottom-percent=\"2%\"  class=\"wpb_row vc_row-fluid vc_row full-width-section  vc_row-o-equal-height vc_row-flex  vc_row-o-content-middle\"  style=\"padding-top: calc(100vw * 0.04); padding-bottom: calc(100vw * 0.02); \"><div class=\"row-bg-wrap\" data-bg-animation=\"none\" data-bg-overlay=\"false\"><div class=\"inner-wrap\"><div class=\"row-bg\"  style=\"\"><\/div><\/div><\/div><div class=\"row_col_wrap_12 col span_12 dark left\">\n\t<div  class=\"vc_col-sm-4 wpb_column column_container vc_column_container col no-extra-padding inherit_tablet inherit_phone\"  data-padding-pos=\"all\" data-has-bg-color=\"false\" data-bg-color=\"\" data-bg-opacity=\"1\" data-animation=\"\" data-delay=\"0\" >\n\t\t<div class=\"vc_column-inner\" >\n\t\t\t<div class=\"wpb_wrapper\">\n\t\t\t\t<h2 style=\"color: #db3a34;text-align: left\" class=\"vc_custom_heading\" >Quels sont mes droits lors des interpellations et des interactions avec la police?<\/h2><div class=\"nectar-highlighted-text\" data-style=\"full_text\" data-exp=\"default\" data-user-color=\"true\" style=\"color: #084c61;\" data-using-custom-color=\"false\" data-animation-delay=\"false\" data-color=\"\" data-color-gradient=\"\">\n<h4>Que la police vous pose des questions, vous interpelle, <a href=\"https:\/\/policestops-yourrights.ccla.org\/fr\/police-stops-detention-being-detained-vs-the-right-to-walk-away\/\">vous d\u00e9tienne<\/a>, ou <a href=\"https:\/\/policestops-yourrights.ccla.org\/fr\/what-is-an-arrest-when-can-i-be-arrested\/\">vous arr\u00eate<\/a> vous avez de nombreux droits.<\/h4>\n<\/div>\n\t\t\t<\/div> \n\t\t<\/div>\n\t<\/div> \n\n\t<div style=\"\" class=\"vc_col-sm-8 wpb_column column_container vc_column_container col padding-4-percent inherit_tablet inherit_phone\" data-using-bg=\"true\" data-padding-pos=\"all\" data-has-bg-color=\"true\" data-bg-color=\"#efefef\" data-bg-opacity=\"1\" data-animation=\"\" data-delay=\"0\" >\n\t\t<div class=\"vc_column-inner\" ><div class=\"column-bg-overlay-wrap\" data-bg-animation=\"none\"><div class=\"column-bg-overlay\" style=\"opacity: 1; background-color: #efefef;\"><\/div><\/div>\n\t\t\t<div class=\"wpb_wrapper\">\n\t\t\t\t<div class=\"iwithtext\"><div class=\"iwt-icon\"> <i class=\"icon-default-style fa fa-check-square-o accent-color\"><\/i> <\/div><div class=\"iwt-text\"> Vous avez le droit \u00e0 l\u2019\u00e9galit\u00e9 et \u00e0 l\u2019absence de discrimination. Ces droits figurent \u00e0 l\u2019article\u202f15 de la <em>Canadian <\/em><em>Charte canadienne des droits et libert\u00e9s<\/em> et des lois sur les droits de la personne. <\/div><div class=\"clear\"><\/div><\/div><div class=\"iwithtext\"><div class=\"iwt-icon\"> <i class=\"icon-default-style fa fa-check-square-o accent-color\"><\/i> <\/div><div class=\"iwt-text\"> Vous avez le droit de garder le silence \u2013 <a href=\"https:\/\/policestops-yourrights.ccla.org\/fr\/right-to-remain-silent\/\">voir ici en quoi cela consiste<\/a>. <\/div><div class=\"clear\"><\/div><\/div><div class=\"iwithtext\"><div class=\"iwt-icon\"> <i class=\"icon-default-style fa fa-check-square-o accent-color\"><\/i> <\/div><div class=\"iwt-text\"> Si l\u2019interpellation est une arrestation ou une d\u00e9tention, vous avez <a href=\"https:\/\/policestops-yourrights.ccla.org\/fr\/your-rights-if-detained-or-arrested\/\">des droits particuliers<\/a> en vertu de la <em>Charte<\/em>. <\/div><div class=\"clear\"><\/div><\/div><div class=\"iwithtext\"><div class=\"iwt-icon\"> <i class=\"icon-default-style fa fa-check-square-o accent-color\"><\/i> <\/div><div class=\"iwt-text\"> Si l\u2019interpellation n\u2019est pas une d\u00e9tention ou une arrestation, vous avez le droit de partir. Et vous avez d\u2019autres droits en vertu des lois provinciales ou des politiques propres aux services de police. <\/div><div class=\"clear\"><\/div><\/div>\n\t\t\t<\/div> \n\t\t<\/div>\n\t<\/div> \n<\/div><\/div>\r\n\t\t<div id=\"break-law\"  data-column-margin=\"40px\" data-midnight=\"dark\" data-bottom-percent=\"4%\"  class=\"wpb_row vc_row-fluid vc_row full-width-section  vc_row-o-equal-height vc_row-flex  vc_row-o-content-middle\"  style=\"padding-top: 0px; padding-bottom: calc(100vw * 0.04); \"><div class=\"row-bg-wrap\" data-bg-animation=\"none\" data-bg-overlay=\"false\"><div class=\"inner-wrap\"><div class=\"row-bg\"  style=\"\"><\/div><\/div><\/div><div class=\"row_col_wrap_12 col span_12 dark left\">\n\t<div  class=\"vc_col-sm-12 wpb_column column_container vc_column_container col no-extra-padding inherit_tablet inherit_phone\"  data-padding-pos=\"all\" data-has-bg-color=\"false\" data-bg-color=\"\" data-bg-opacity=\"1\" data-animation=\"\" data-delay=\"0\" >\n\t\t<div class=\"vc_column-inner\" >\n\t\t\t<div class=\"wpb_wrapper\">\n\t\t\t\t\r\n<div class=\"wpb_text_column wpb_content_element\" >\r\n\t<div class=\"wpb_wrapper\">\r\n\t\t<p class=\"translation-block\">L\u2019ACLC et d\u2019autres <span class=\"tooltipsall tooltip_post_id_1353 classtoolTips1353\" data-hasqtip=\"0\">d\u00e9fenseurs des droits<\/span> croient qu\u2019il devrait y avoir des r\u00e8gles sur les interpellations polici\u00e8res pour chaque service de police au Canada; que ces r\u00e8gles devraient interdire le fichage et prot\u00e9ger les communaut\u00e9s concern\u00e9es; et que la police doit afficher des informations sur ces r\u00e8gles d\u2019une mani\u00e8re facile \u00e0 trouver et \u00e0 comprendre.<\/p>\n<p>Voici des exemples de quelques-uns des droits qui sont accord\u00e9s dans diff\u00e9rents endroits au Canada \u2013 mais chaque situation est unique. L\u2019existence de ces droits d\u00e9pend des circonstances particuli\u00e8res de votre cas. Nous fournissons ces exemples de droits afin que, si, par exemple, la police ne vous donne pas la raison pour laquelle elle vous a interpell\u00e9 ou vous a pos\u00e9 des questions, ou si elle ne vous dit pas que vous \u00eates libre de partir, etc., vous puissiez r\u00e9fl\u00e9chir par la suite \u00e0 la possibilit\u00e9 de vous plaindre, d\u2019intenter une action en justice ou de lutter pour le changement afin d\u2019introduire ce type de r\u00e8gles dans votre communaut\u00e9\u202f:<\/p>\n\t<\/div>\r\n<\/div>\r\n\r\n\r\n\r\n<div class=\"toggles\" data-starting=\"default\" data-style=\"minimal\"><div class=\"toggle accent-color\" data-inner-wrap=\"true\"><h3><a href=\"#\"><i class=\"fa fa-plus-circle\"><\/i>En Ontario<\/a><\/h3><div><div class=\"inner-toggle-wrap\">\r\n<div class=\"wpb_text_column wpb_content_element\" >\r\n\t<div class=\"wpb_wrapper\">\r\n\t\t\t<\/div>\r\n<\/div>\r\n\r\n\r\n\r\n\r\n<div class=\"wpb_text_column wpb_content_element\" >\r\n\t<div class=\"wpb_wrapper\">\r\n\t\t<p>Il existe un r\u00e8glement provincial qui vous donne des droits lors de certaines interpellations polici\u00e8res sans d\u00e9tention ni arrestation. Ces droits sont les suivants\u202f:<\/p>\n<ul>\n<li>La police n\u2019est pas autoris\u00e9e \u00e0 vous interpeller, sauf si elle a une raison valable<\/li>\n<\/ul>\n<p>Si elle vous interpelle, elle doit dans la plupart des cas\u202f:<\/p>\n<ul>\n<li>Vous informer que vous n\u2019\u00eates pas tenu de fournir des informations d\u2019identification;<\/li>\n<li>Vous informer de la raison pour laquelle elle veut obtenir cette information;<\/li>\n<li>Offrir un re\u00e7u de l\u2019interaction qui contient le nom de l\u2019agent, son insigne, sa division, la date, l\u2019heure, le lieu et la raison pour laquelle vous avez \u00e9t\u00e9 interpell\u00e9; et<\/li>\n<li>Vous permettre de partir.<\/li>\n<\/ul>\n<p><em>Mais<\/em> dans certaines circonstances, le r\u00e8glement <strong>ne s\u2019applique pas<\/strong><strong> apply<\/strong> ou <strong>n\u2019oblige pas<\/strong> la police \u00e0 vous fournir tout ou partie de ces droits, notamment :<\/p>\n<ul>\n<li>Si vous \u00eates <a href=\"https:\/\/policestops-yourrights.ccla.org\/fr\/do-i-have-to-give-my-id-or-name-to-the-police-do-i-have-to-answer-questions\/\">l\u00e9galement tenu de fournir des informations \u00e0 la police<\/a> (p. ex. parce que vous \u00eates le conducteur d\u2019une voiture);<\/li>\n<li>Si la s\u00e9curit\u00e9 d\u2019un individu est en danger;<\/li>\n<li>Si le fait d\u2019accorder ce droit risque de compromettre une enqu\u00eate en cours; ou<\/li>\n<li>Si le fait d\u2019accorder ce droit emp\u00eache l\u2019agent de police de r\u00e9agir \u00e0 un probl\u00e8me urgent.<\/li>\n<\/ul>\n\t<\/div>\r\n<\/div>\r\n\r\n\r\n\r\n<\/div><\/div><\/div><div class=\"toggle accent-color\" data-inner-wrap=\"true\"><h3><a href=\"#\"><i class=\"fa fa-plus-circle\"><\/i>\u00c0 Peel<\/a><\/h3><div><div class=\"inner-toggle-wrap\">\r\n<div class=\"wpb_text_column wpb_content_element\" >\r\n\t<div class=\"wpb_wrapper\">\r\n\t\t\t<\/div>\r\n<\/div>\r\n\r\n\r\n\r\n\r\n<div class=\"wpb_text_column wpb_content_element\" >\r\n\t<div class=\"wpb_wrapper\">\r\n\t\t<p>Le chef de la police r\u00e9gionale de Peel est tenu d\u2019\u00e9laborer des proc\u00e9dures qui renforcent et encouragent les pratiques positives, professionnelles, \u00e9thiques et sensibles aux diff\u00e9rences ethnoculturelles, notamment en ce qui concerne les interpellations polici\u00e8res, les fouilles, l\u2019ex\u00e9cution des mandats, la r\u00e9ponse aux appels au 911 et la participation aux \u00e9v\u00e9nements publics.<\/p>\n\t<\/div>\r\n<\/div>\r\n\r\n\r\n\r\n<\/div><\/div><\/div><div class=\"toggle accent-color\" data-inner-wrap=\"true\"><h3><a href=\"#\"><i class=\"fa fa-plus-circle\"><\/i>\u00c0 Saskatoon<\/a><\/h3><div><div class=\"inner-toggle-wrap\">\r\n<div class=\"wpb_text_column wpb_content_element\" >\r\n\t<div class=\"wpb_wrapper\">\r\n\t\t\t<\/div>\r\n<\/div>\r\n\r\n\r\n\r\n\r\n<div class=\"wpb_text_column wpb_content_element\" >\r\n\t<div class=\"wpb_wrapper\">\r\n\t\t<p>Un agent de police doit, si on le lui demande, fournir l\u2019insigne et une pi\u00e8ce d\u2019identit\u00e9 avec photo afin que vous soyez convaincu que la personne est un agent de police, et l\u2019agent doit vous dire pourquoi vous \u00eates interpell\u00e9.<\/p>\n\t<\/div>\r\n<\/div>\r\n\r\n\r\n\r\n<\/div><\/div><\/div><div class=\"toggle accent-color\" data-inner-wrap=\"true\"><h3><a href=\"#\"><i class=\"fa fa-plus-circle\"><\/i>\u00c0 Edmonton<\/a><\/h3><div><div class=\"inner-toggle-wrap\">\r\n<div class=\"wpb_text_column wpb_content_element\" >\r\n\t<div class=\"wpb_wrapper\">\r\n\t\t\t<\/div>\r\n<\/div>\r\n\r\n\r\n\r\n\r\n<div class=\"wpb_text_column wpb_content_element\" >\r\n\t<div class=\"wpb_wrapper\">\r\n\t\t<p>La police doit s\u2019identifier et vous dire pourquoi vous avez \u00e9t\u00e9 interpell\u00e9.<\/p>\n\t<\/div>\r\n<\/div>\r\n\r\n\r\n\r\n<\/div><\/div><\/div><div class=\"toggle accent-color\" data-inner-wrap=\"true\"><h3><a href=\"#\"><i class=\"fa fa-plus-circle\"><\/i>En Colombie-Britannique<\/a><\/h3><div><div class=\"inner-toggle-wrap\">\r\n<div class=\"wpb_text_column wpb_content_element\" >\r\n\t<div class=\"wpb_wrapper\">\r\n\t\t\t<\/div>\r\n<\/div>\r\n\r\n\r\n\r\n\r\n<div class=\"wpb_text_column wpb_content_element\" >\r\n\t<div class=\"wpb_wrapper\">\r\n\t\t<p>Chaque service de police est tenu d\u2019avoir une politique \u00e9crite comprenant une r\u00e8gle stipulant que les agents de police ne peuvent pas demander, exiger, collecter ou enregistrer votre identit\u00e9 ou vos informations d\u2019identification sans une raison justifiable.<\/p>\n\t<\/div>\r\n<\/div>\r\n\r\n\r\n\r\n<\/div><\/div><\/div><div class=\"toggle accent-color\" data-inner-wrap=\"true\"><h3><a href=\"#\"><i class=\"fa fa-plus-circle\"><\/i>\u00c0 Halifax<\/a><\/h3><div><div class=\"inner-toggle-wrap\">\r\n<div class=\"wpb_text_column wpb_content_element\" >\r\n\t<div class=\"wpb_wrapper\">\r\n\t\t\t<\/div>\r\n<\/div>\r\n\r\n\r\n\r\n\r\n<div class=\"wpb_text_column wpb_content_element\" >\r\n\t<div class=\"wpb_wrapper\">\r\n\t\t<p>Le code de conduite exige que la police\u202f:<\/p>\n<ul>\n<li>when conducting pedestrian and vehicle stops, to provide their name and agency as well as the reason for the stop as soon as possible, unless doing so would pose a threat to public safety or compromise an officer and their objective.<\/li>\n<li>lorsqu\u2019elle intercepte un v\u00e9hicule, indique son nom, son corps de police et la raison de l\u2019interpellation avant de demander les permis et l\u2019immatriculation. Les policiers doivent s\u2019assurer qu\u2019ils ne vous retiennent pas plus longtemps que n\u00e9cessaire et doivent vous informer de tout retard.<\/li>\n<li>lors de l\u2019interpellation des pi\u00e9tons et des v\u00e9hicules, ils doivent r\u00e9pondre \u00e0 toute question que vous pourriez avoir pendant l\u2019interpellation.<\/li>\n<\/ul>\n\t<\/div>\r\n<\/div>\r\n\r\n\r\n\r\n<\/div><\/div><\/div><div class=\"toggle accent-color\" data-inner-wrap=\"true\"><h3><a href=\"#\"><i class=\"fa fa-plus-circle\"><\/i>Dans votre village, ville ou r\u00e9gion<\/a><\/h3><div><div class=\"inner-toggle-wrap\">\r\n<div class=\"wpb_text_column wpb_content_element\" >\r\n\t<div class=\"wpb_wrapper\">\r\n\t\t\t<\/div>\r\n<\/div>\r\n\r\n\r\n\r\n\r\n<div class=\"wpb_text_column wpb_content_element\" >\r\n\t<div class=\"wpb_wrapper\">\r\n\t\t<p>Renseignez-vous aupr\u00e8s de votre service de police local pour voir s\u2019il a une politique \u2013 et si elle est accessible au public.<\/p>\n\t<\/div>\r\n<\/div>\r\n\r\n\r\n\r\n<\/div><\/div><\/div><\/div>\r\n\r\n\r\n\r\n\r\n\r\n\r\n\r\n\r\n\r\n\r\n\r\n\r\n\r\n\r\n\r\n\r\n\r\n\r\n\r\n\n\t\t\t<\/div> \n\t\t<\/div>\n\t<\/div> \n<\/div><\/div>","protected":false},"excerpt":{"rendered":"My Rights What rights do I have in police stops and interactions? Whether police ask you questions, stop you, detain, or arrest you, you have many rights. You have the...","protected":false},"author":1,"featured_media":0,"parent":0,"menu_order":0,"comment_status":"closed","ping_status":"closed","template":"","meta":{"footnotes":""},"wf_page_folders":[6],"class_list":["post-452","page","type-page","status-publish"],"yoast_head":"<!-- This site is optimized with the Yoast SEO plugin v27.5 - https:\/\/yoast.com\/product\/yoast-seo-wordpress\/ -->\n<title>What rights do I have in police stops and interactions? | Know Your Rights: Racial Profiling &amp; Police Stops<\/title>\n<meta name=\"robots\" content=\"index, follow, max-snippet:-1, max-image-preview:large, max-video-preview:-1\" \/>\n<link rel=\"canonical\" href=\"https:\/\/policestops-yourrights.ccla.org\/fr\/what-rights-do-i-have-in-police-stops-and-interactions\/\" \/>\n<meta property=\"og:locale\" content=\"fr_CA\" \/>\n<meta property=\"og:type\" content=\"article\" \/>\n<meta property=\"og:title\" content=\"What rights do I have in police stops and interactions? | Know Your Rights: Racial Profiling &amp; Police Stops\" \/>\n<meta property=\"og:url\" content=\"https:\/\/policestops-yourrights.ccla.org\/fr\/what-rights-do-i-have-in-police-stops-and-interactions\/\" \/>\n<meta property=\"og:site_name\" content=\"Know Your Rights: Racial Profiling &amp; Police Stops\" \/>\n<meta property=\"article:modified_time\" content=\"2021-12-10T17:43:32+00:00\" \/>\n<meta name=\"twitter:card\" content=\"summary_large_image\" \/>\n<meta name=\"twitter:label1\" content=\"Estimation du temps de lecture\" \/>\n\t<meta name=\"twitter:data1\" content=\"4 minutes\" \/>\n<script type=\"application\/ld+json\" class=\"yoast-schema-graph\">{\"@context\":\"https:\\\/\\\/schema.org\",\"@graph\":[{\"@type\":\"WebPage\",\"@id\":\"https:\\\/\\\/policestops-yourrights.ccla.org\\\/what-rights-do-i-have-in-police-stops-and-interactions\\\/\",\"url\":\"https:\\\/\\\/policestops-yourrights.ccla.org\\\/what-rights-do-i-have-in-police-stops-and-interactions\\\/\",\"name\":\"What rights do I have in police stops and interactions? | Know Your Rights: Racial Profiling &amp; Police Stops\",\"isPartOf\":{\"@id\":\"https:\\\/\\\/policestops-yourrights.ccla.org\\\/#website\"},\"datePublished\":\"2021-11-23T18:25:50+00:00\",\"dateModified\":\"2021-12-10T17:43:32+00:00\",\"breadcrumb\":{\"@id\":\"https:\\\/\\\/policestops-yourrights.ccla.org\\\/what-rights-do-i-have-in-police-stops-and-interactions\\\/#breadcrumb\"},\"inLanguage\":\"fr-CA\",\"potentialAction\":[{\"@type\":\"ReadAction\",\"target\":[\"https:\\\/\\\/policestops-yourrights.ccla.org\\\/what-rights-do-i-have-in-police-stops-and-interactions\\\/\"]}]},{\"@type\":\"BreadcrumbList\",\"@id\":\"https:\\\/\\\/policestops-yourrights.ccla.org\\\/what-rights-do-i-have-in-police-stops-and-interactions\\\/#breadcrumb\",\"itemListElement\":[{\"@type\":\"ListItem\",\"position\":1,\"name\":\"Home\",\"item\":\"https:\\\/\\\/policestops-yourrights.ccla.org\\\/\"},{\"@type\":\"ListItem\",\"position\":2,\"name\":\"What rights do I have in police stops and interactions?\"}]},{\"@type\":\"WebSite\",\"@id\":\"https:\\\/\\\/policestops-yourrights.ccla.org\\\/#website\",\"url\":\"https:\\\/\\\/policestops-yourrights.ccla.org\\\/\",\"name\":\"Know Your Rights: Racial Profiling &amp; Police Stops\",\"description\":\"Brought to you by the Canadian Civil Liberties Association\",\"potentialAction\":[{\"@type\":\"SearchAction\",\"target\":{\"@type\":\"EntryPoint\",\"urlTemplate\":\"https:\\\/\\\/policestops-yourrights.ccla.org\\\/?s={search_term_string}\"},\"query-input\":{\"@type\":\"PropertyValueSpecification\",\"valueRequired\":true,\"valueName\":\"search_term_string\"}}],\"inLanguage\":\"fr-CA\"}]}<\/script>\n<!-- \/ Yoast SEO plugin. -->","yoast_head_json":{"title":"What rights do I have in police stops and interactions? | Know Your Rights: Racial Profiling &amp; Police Stops","robots":{"index":"index","follow":"follow","max-snippet":"max-snippet:-1","max-image-preview":"max-image-preview:large","max-video-preview":"max-video-preview:-1"},"canonical":"https:\/\/policestops-yourrights.ccla.org\/fr\/what-rights-do-i-have-in-police-stops-and-interactions\/","og_locale":"fr_CA","og_type":"article","og_title":"What rights do I have in police stops and interactions? | Know Your Rights: Racial Profiling &amp; Police Stops","og_url":"https:\/\/policestops-yourrights.ccla.org\/fr\/what-rights-do-i-have-in-police-stops-and-interactions\/","og_site_name":"Know Your Rights: Racial Profiling &amp; Police Stops","article_modified_time":"2021-12-10T17:43:32+00:00","twitter_card":"summary_large_image","twitter_misc":{"Estimation du temps de lecture":"4 minutes"},"schema":{"@context":"https:\/\/schema.org","@graph":[{"@type":"WebPage","@id":"https:\/\/policestops-yourrights.ccla.org\/what-rights-do-i-have-in-police-stops-and-interactions\/","url":"https:\/\/policestops-yourrights.ccla.org\/what-rights-do-i-have-in-police-stops-and-interactions\/","name":"What rights do I have in police stops and interactions? | Know Your Rights: Racial Profiling &amp; Police Stops","isPartOf":{"@id":"https:\/\/policestops-yourrights.ccla.org\/#website"},"datePublished":"2021-11-23T18:25:50+00:00","dateModified":"2021-12-10T17:43:32+00:00","breadcrumb":{"@id":"https:\/\/policestops-yourrights.ccla.org\/what-rights-do-i-have-in-police-stops-and-interactions\/#breadcrumb"},"inLanguage":"fr-CA","potentialAction":[{"@type":"ReadAction","target":["https:\/\/policestops-yourrights.ccla.org\/what-rights-do-i-have-in-police-stops-and-interactions\/"]}]},{"@type":"BreadcrumbList","@id":"https:\/\/policestops-yourrights.ccla.org\/what-rights-do-i-have-in-police-stops-and-interactions\/#breadcrumb","itemListElement":[{"@type":"ListItem","position":1,"name":"Home","item":"https:\/\/policestops-yourrights.ccla.org\/"},{"@type":"ListItem","position":2,"name":"What rights do I have in police stops and interactions?"}]},{"@type":"WebSite","@id":"https:\/\/policestops-yourrights.ccla.org\/#website","url":"https:\/\/policestops-yourrights.ccla.org\/","name":"Know Your Rights: Racial Profiling &amp; Police Stops","description":"Brought to you by the Canadian Civil Liberties Association","potentialAction":[{"@type":"SearchAction","target":{"@type":"EntryPoint","urlTemplate":"https:\/\/policestops-yourrights.ccla.org\/?s={search_term_string}"},"query-input":{"@type":"PropertyValueSpecification","valueRequired":true,"valueName":"search_term_string"}}],"inLanguage":"fr-CA"}]}},"_links":{"self":[{"href":"https:\/\/policestops-yourrights.ccla.org\/fr\/wp-json\/wp\/v2\/pages\/452","targetHints":{"allow":["GET"]}}],"collection":[{"href":"https:\/\/policestops-yourrights.ccla.org\/fr\/wp-json\/wp\/v2\/pages"}],"about":[{"href":"https:\/\/policestops-yourrights.ccla.org\/fr\/wp-json\/wp\/v2\/types\/page"}],"author":[{"embeddable":true,"href":"https:\/\/policestops-yourrights.ccla.org\/fr\/wp-json\/wp\/v2\/users\/1"}],"replies":[{"embeddable":true,"href":"https:\/\/policestops-yourrights.ccla.org\/fr\/wp-json\/wp\/v2\/comments?post=452"}],"version-history":[{"count":18,"href":"https:\/\/policestops-yourrights.ccla.org\/fr\/wp-json\/wp\/v2\/pages\/452\/revisions"}],"predecessor-version":[{"id":705,"href":"https:\/\/policestops-yourrights.ccla.org\/fr\/wp-json\/wp\/v2\/pages\/452\/revisions\/705"}],"wp:attachment":[{"href":"https:\/\/policestops-yourrights.ccla.org\/fr\/wp-json\/wp\/v2\/media?parent=452"}],"wp:term":[{"taxonomy":"wf_page_folders","embeddable":true,"href":"https:\/\/policestops-yourrights.ccla.org\/fr\/wp-json\/wp\/v2\/wf_page_folders?post=452"}],"curies":[{"name":"wp","href":"https:\/\/api.w.org\/{rel}","templated":true}]}}